{"id":700,"date":"2025-06-04T15:36:06","date_gmt":"2025-06-04T20:36:06","guid":{"rendered":"https:\/\/hyrco.com\/?page_id=700"},"modified":"2025-09-24T10:48:21","modified_gmt":"2025-09-24T15:48:21","slug":"proyecto-cc2-ml","status":"publish","type":"page","link":"https:\/\/hyrco.com\/index.php\/proyecto-cc2-ml\/","title":{"rendered":"CC2 ML &#8211; Estructuras Especiales Varias"},"content":{"rendered":"<div class='breakdance'><section class=\"bde-section-700-100 bde-section\">\n  \n\t\n\n\n\n<div class=\"section-container\"><h1 class=\"bde-heading-700-101 bde-heading\" data-entrance=\"slideLeft\">\nCC2 ML &#8211; Estructuras Especiales Varias\n<\/h1><\/div>\n<\/section><section class=\"bde-section-700-102 bde-section\">\n  \n\t\n\n\n\n<div class=\"section-container\"><div class=\"bde-gallery-700-103 bde-gallery\" data-entrance=\"slideUp\">\n\n\n  \n\n\n\n  \n\n\n\n\n\n\n<div class=\"ee-gallery ee-gallery--default ee-gallery--grid ee-gallery-- ee-gallery--lightbox ee-gallery--zoom-in ee-gallery--caption- ee-gallery--caption-fade ee-gallery--ratio\">\n                  \n      <a class=\"ee-gallery-item ee-gallery-item--image ee-gallery-item--single\" href=\"https:\/\/hyrco.com\/wp-content\/uploads\/2025\/06\/hyrco-cc2-ml.webp\"  data-sub-html=\"\" data-category=\"1\"                  data-lg-size=\"1000-814\"\n\n      >\n        <figure class=\"ee-gallery-item-figure\">\n                                    \n  \n  \n  \n  \n      \n      <img loading=\"lazy\" decoding=\"async\"\n      class=\"breakdance-image-object\"\n      src=\"https:\/\/hyrco.com\/wp-content\/uploads\/2025\/06\/hyrco-cc2-ml.webp\"\n      width=\"1000\"\n      height=\"814\"\n      \n      \n                                    srcset=\"https:\/\/hyrco.com\/wp-content\/uploads\/2025\/06\/hyrco-cc2-ml.webp 1000w, https:\/\/hyrco.com\/wp-content\/uploads\/2025\/06\/hyrco-cc2-ml-300x244.webp 300w, https:\/\/hyrco.com\/wp-content\/uploads\/2025\/06\/hyrco-cc2-ml-768x625.webp 768w\"\n                                                                      >\n  \n  \n          \n                  <\/figure>\n      <\/a>\n\n                \n      <a class=\"ee-gallery-item ee-gallery-item--image ee-gallery-item--single\" href=\"https:\/\/hyrco.com\/wp-content\/uploads\/2025\/06\/hyrco-cc2-ml-03.webp\"  data-sub-html=\"\" data-category=\"1\"                  data-lg-size=\"1000-814\"\n\n      >\n        <figure class=\"ee-gallery-item-figure\">\n                                    \n  \n  \n  \n  \n      \n      <img loading=\"lazy\" decoding=\"async\"\n      class=\"breakdance-image-object\"\n      src=\"https:\/\/hyrco.com\/wp-content\/uploads\/2025\/06\/hyrco-cc2-ml-03.webp\"\n      width=\"1000\"\n      height=\"814\"\n      \n      \n                                    srcset=\"https:\/\/hyrco.com\/wp-content\/uploads\/2025\/06\/hyrco-cc2-ml-03.webp 1000w, https:\/\/hyrco.com\/wp-content\/uploads\/2025\/06\/hyrco-cc2-ml-03-300x244.webp 300w, https:\/\/hyrco.com\/wp-content\/uploads\/2025\/06\/hyrco-cc2-ml-03-768x625.webp 768w\"\n                                                                      >\n  \n  \n          \n                  <\/figure>\n      <\/a>\n\n                \n      <a class=\"ee-gallery-item ee-gallery-item--image ee-gallery-item--single\" href=\"https:\/\/hyrco.com\/wp-content\/uploads\/2025\/08\/hyrco-pagInterna-cc2ml-galeria2-1000x814-1.webp\"  data-sub-html=\"\" data-category=\"1\"                  data-lg-size=\"1000-814\"\n\n      >\n        <figure class=\"ee-gallery-item-figure\">\n                                    \n  \n  \n  \n  \n      \n      <img loading=\"lazy\" decoding=\"async\"\n      class=\"breakdance-image-object\"\n      src=\"https:\/\/hyrco.com\/wp-content\/uploads\/2025\/08\/hyrco-pagInterna-cc2ml-galeria2-1000x814-1.webp\"\n      width=\"1000\"\n      height=\"814\"\n      \n      \n                                    srcset=\"https:\/\/hyrco.com\/wp-content\/uploads\/2025\/08\/hyrco-pagInterna-cc2ml-galeria2-1000x814-1.webp 1000w, https:\/\/hyrco.com\/wp-content\/uploads\/2025\/08\/hyrco-pagInterna-cc2ml-galeria2-1000x814-1-300x244.webp 300w, https:\/\/hyrco.com\/wp-content\/uploads\/2025\/08\/hyrco-pagInterna-cc2ml-galeria2-1000x814-1-768x625.webp 768w\"\n                                                                      >\n  \n  \n          \n                  <\/figure>\n      <\/a>\n\n                \n      <a class=\"ee-gallery-item ee-gallery-item--image ee-gallery-item--single\" href=\"https:\/\/hyrco.com\/wp-content\/uploads\/2025\/08\/hyrco-pagInterna-cc2ml-galeria1-1000x814-1.webp\"  data-sub-html=\"\" data-category=\"1\"                  data-lg-size=\"1000-814\"\n\n      >\n        <figure class=\"ee-gallery-item-figure\">\n                                    \n  \n  \n  \n  \n      \n      <img loading=\"lazy\" decoding=\"async\"\n      class=\"breakdance-image-object\"\n      src=\"https:\/\/hyrco.com\/wp-content\/uploads\/2025\/08\/hyrco-pagInterna-cc2ml-galeria1-1000x814-1.webp\"\n      width=\"1000\"\n      height=\"814\"\n      \n      \n                                    srcset=\"https:\/\/hyrco.com\/wp-content\/uploads\/2025\/08\/hyrco-pagInterna-cc2ml-galeria1-1000x814-1.webp 1000w, https:\/\/hyrco.com\/wp-content\/uploads\/2025\/08\/hyrco-pagInterna-cc2ml-galeria1-1000x814-1-300x244.webp 300w, https:\/\/hyrco.com\/wp-content\/uploads\/2025\/08\/hyrco-pagInterna-cc2ml-galeria1-1000x814-1-768x625.webp 768w\"\n                                                                      >\n  \n  \n          \n                  <\/figure>\n      <\/a>\n\n        \n  <\/div>\n\n\n\n<\/div><\/div>\n<\/section><section class=\"bde-section-700-104 bde-section\">\n  \n\t\n\n\n\n<div class=\"section-container\"><div class=\"bde-columns-700-105 bde-columns\"><div class=\"bde-column-700-106 bde-column\">\n  \n\t\n\n\n\n<div class=\"bde-div-700-107 bde-div\" data-entrance=\"zoomIn\">\n  \n\t\n\n\n\n<div class=\"bde-image-700-108 bde-image\">\n  \n\n\n\n\n\n<figure class=\"breakdance-image breakdance-image--201\">\n\t<div class=\"breakdance-image-container\">\n\t\t<div class=\"breakdance-image-clip\">\n\t\t\t\n\t\t\t\t\n\t\t\t\t\t      \n  \n  \n  \n  \n      \n      <img loading=\"lazy\" decoding=\"async\"\n      class=\"breakdance-image-object\"\n      src=\"https:\/\/hyrco.com\/wp-content\/uploads\/2025\/05\/hyrco-consorcio-constructorM2-lima-270x116-1.webp\"\n      width=\"270\"\n      height=\"116\"\n      \n      \n                                                                  >\n  \n\n\t\t\t\t\t\n\t\t\t\t\t\t<\/div>\n\t<\/div>\n\n\t<\/figure>\n\n<\/div>\n<\/div><div class=\"bde-div-700-109 bde-div\" data-entrance=\"slideLeft\">\n  \n\t\n\n\n\n<div class=\"bde-rich-text-700-110 bde-rich-text breakdance-rich-text-styles\">\n<p>CC2 ML - Estructuras<\/p>\n<\/div><div class=\"bde-rich-text-700-111 bde-rich-text breakdance-rich-text-styles\">\n<p>Especiales Varias<\/p>\n<\/div>\n<\/div>\n<\/div><div class=\"bde-column-700-112 bde-column\">\n  \n\t\n\n\n\n<div class=\"bde-div-700-113 bde-div\">\n  \n\t\n\n\n\n<div class=\"bde-div-700-114 bde-div\" data-entrance=\"slideRight\">\n  \n\t\n\n\n\n<div class=\"bde-rich-text-700-115 bde-rich-text breakdance-rich-text-styles\">\n<p>Dise\u00f1o y fabricaci\u00f3n.<\/p>\n<\/div><div class=\"bde-fancy-divider-700-116 bde-fancy-divider\">\n\n\n<div class=\"bde-fancy-divider__wrapper\">\n  <div class=\"bde-fancy-divider__separator   \">\n  \t  <\/div>\n<\/div>\n\n<\/div>\n<\/div><div class=\"bde-div-700-117 bde-div\" data-entrance=\"slideRight\">\n  \n\t\n\n\n\n<div class=\"bde-rich-text-700-118 bde-rich-text breakdance-rich-text-styles\">\n<p>02 Anillos de 9.2 m de di\u00e1metro.<\/p>\n<\/div><div class=\"bde-fancy-divider-700-119 bde-fancy-divider\">\n\n\n<div class=\"bde-fancy-divider__wrapper\">\n  <div class=\"bde-fancy-divider__separator   \">\n  \t  <\/div>\n<\/div>\n\n<\/div>\n<\/div><div class=\"bde-div-700-120 bde-div\" data-entrance=\"slideRight\">\n  \n\t\n\n\n\n<div class=\"bde-rich-text-700-121 bde-rich-text breakdance-rich-text-styles\">\n<p>Peso: 82.2 Tons c\/u.<\/p>\n<\/div><div class=\"bde-fancy-divider-700-122 bde-fancy-divider\">\n\n\n<div class=\"bde-fancy-divider__wrapper\">\n  <div class=\"bde-fancy-divider__separator   \">\n  \t  <\/div>\n<\/div>\n\n<\/div>\n<\/div><div class=\"bde-div-700-123 bde-div\" data-entrance=\"slideRight\">\n  \n\t\n\n\n\n<div class=\"bde-rich-text-700-124 bde-rich-text breakdance-rich-text-styles\">\n<p>Altura: 9.1 m x Ancho 9.6 m x Largo 13.85 m.<\/p>\n<\/div><div class=\"bde-fancy-divider-700-125 bde-fancy-divider\">\n\n\n<div class=\"bde-fancy-divider__wrapper\">\n  <div class=\"bde-fancy-divider__separator   \">\n  \t  <\/div>\n<\/div>\n\n<\/div>\n<\/div><div class=\"bde-div-700-126 bde-div\" data-entrance=\"slideRight\">\n  \n\t\n\n\n\n<div class=\"bde-rich-text-700-127 bde-rich-text breakdance-rich-text-styles\">\n<p>+100 Pilas Pilotes de Acero (1.2 m di\u00e1metro x 20 m largo).<\/p>\n<\/div><div class=\"bde-fancy-divider-700-128 bde-fancy-divider\">\n\n\n<div class=\"bde-fancy-divider__wrapper\">\n  <div class=\"bde-fancy-divider__separator   \">\n  \t  <\/div>\n<\/div>\n\n<\/div>\n<\/div><div class=\"bde-div-700-141 bde-div\" data-entrance=\"slideRight\">\n  \n\t\n\n\n\n<div class=\"bde-rich-text-700-142 bde-rich-text breakdance-rich-text-styles\">\n<p>Lugar: Lima.<\/p>\n<\/div><div class=\"bde-fancy-divider-700-143 bde-fancy-divider\">\n\n\n<div class=\"bde-fancy-divider__wrapper\">\n  <div class=\"bde-fancy-divider__separator   \">\n  \t  <\/div>\n<\/div>\n\n<\/div>\n<\/div>\n<\/div>\n<\/div><\/div><\/div>\n<\/section><\/div>","protected":false},"excerpt":{"rendered":"<p>CC2 ML &#8211; Estructuras Especiales Varias CC2 ML &#8211; Estructuras Especiales Varias Dise\u00f1o y fabricaci\u00f3n. 02 Anillos de 9.2 m de di\u00e1metro. Peso: 82.2 Tons c\/u. Altura: 9.1 m x Ancho 9.6 m x Largo 13.85 m. +100 Pilas Pilotes de Acero (1.2 m di\u00e1metro x 20 m largo). Lugar: Lima.<\/p>\n","protected":false},"author":1,"featured_media":0,"parent":0,"menu_order":0,"comment_status":"closed","ping_status":"closed","template":"","meta":{"_acf_changed":false,"_breakdance_hide_in_design_set":false,"_breakdance_tags":"","footnotes":""},"class_list":["post-700","page","type-page","status-publish","hentry"],"acf":[],"_links":{"self":[{"href":"https:\/\/hyrco.com\/index.php\/wp-json\/wp\/v2\/pages\/700","targetHints":{"allow":["GET"]}}],"collection":[{"href":"https:\/\/hyrco.com\/index.php\/wp-json\/wp\/v2\/pages"}],"about":[{"href":"https:\/\/hyrco.com\/index.php\/wp-json\/wp\/v2\/types\/page"}],"author":[{"embeddable":true,"href":"https:\/\/hyrco.com\/index.php\/wp-json\/wp\/v2\/users\/1"}],"replies":[{"embeddable":true,"href":"https:\/\/hyrco.com\/index.php\/wp-json\/wp\/v2\/comments?post=700"}],"version-history":[{"count":11,"href":"https:\/\/hyrco.com\/index.php\/wp-json\/wp\/v2\/pages\/700\/revisions"}],"predecessor-version":[{"id":1454,"href":"https:\/\/hyrco.com\/index.php\/wp-json\/wp\/v2\/pages\/700\/revisions\/1454"}],"wp:attachment":[{"href":"https:\/\/hyrco.com\/index.php\/wp-json\/wp\/v2\/media?parent=700"}],"curies":[{"name":"wp","href":"https:\/\/api.w.org\/{rel}","templated":true}]}}