{"id":695,"date":"2025-06-04T14:01:24","date_gmt":"2025-06-04T19:01:24","guid":{"rendered":"https:\/\/hyrco.com\/?page_id=695"},"modified":"2025-09-24T10:47:31","modified_gmt":"2025-09-24T15:47:31","slug":"proyecto-tecno-fast-anglo-american-2","status":"publish","type":"page","link":"https:\/\/hyrco.com\/index.php\/proyecto-tecno-fast-anglo-american-2\/","title":{"rendered":"Almac\u00e9n Tecno Fast \/ Anglo American"},"content":{"rendered":"<div class='breakdance'><section class=\"bde-section-695-100 bde-section\">\n  \n\t\n\n\n\n<div class=\"section-container\"><h1 class=\"bde-heading-695-101 bde-heading\" data-entrance=\"slideLeft\">\nAlmac\u00e9n Tecno Fast \/ Anglo American\n<\/h1><\/div>\n<\/section><section class=\"bde-section-695-102 bde-section\">\n  \n\t\n\n\n\n<div class=\"section-container\"><div class=\"bde-gallery-695-103 bde-gallery\" data-entrance=\"slideUp\">\n\n\n  \n\n\n\n  \n\n\n\n\n\n\n<div class=\"ee-gallery ee-gallery--default ee-gallery--grid ee-gallery-- ee-gallery--lightbox ee-gallery--zoom-in ee-gallery--caption- ee-gallery--caption-fade ee-gallery--ratio\">\n                  \n      <a class=\"ee-gallery-item ee-gallery-item--image ee-gallery-item--single\" href=\"https:\/\/hyrco.com\/wp-content\/uploads\/2025\/08\/hyrco-pagInterna-almacen-tecno-fast-galeria2-1091x814-1.webp\"  data-sub-html=\"\" data-category=\"1\"                  data-lg-size=\"1091-814\"\n\n      >\n        <figure class=\"ee-gallery-item-figure\">\n                                    \n  \n  \n  \n  \n      \n      <img loading=\"lazy\" decoding=\"async\"\n      class=\"breakdance-image-object\"\n      src=\"https:\/\/hyrco.com\/wp-content\/uploads\/2025\/08\/hyrco-pagInterna-almacen-tecno-fast-galeria2-1091x814-1-1024x764.webp\"\n      width=\"1024\"\n      height=\"764\"\n      \n      \n                                    srcset=\"https:\/\/hyrco.com\/wp-content\/uploads\/2025\/08\/hyrco-pagInterna-almacen-tecno-fast-galeria2-1091x814-1.webp 1091w, https:\/\/hyrco.com\/wp-content\/uploads\/2025\/08\/hyrco-pagInterna-almacen-tecno-fast-galeria2-1091x814-1-300x224.webp 300w, https:\/\/hyrco.com\/wp-content\/uploads\/2025\/08\/hyrco-pagInterna-almacen-tecno-fast-galeria2-1091x814-1-1024x764.webp 1024w, https:\/\/hyrco.com\/wp-content\/uploads\/2025\/08\/hyrco-pagInterna-almacen-tecno-fast-galeria2-1091x814-1-768x573.webp 768w\"\n                                                                      >\n  \n  \n          \n                  <\/figure>\n      <\/a>\n\n                \n      <a class=\"ee-gallery-item ee-gallery-item--image ee-gallery-item--single\" href=\"https:\/\/hyrco.com\/wp-content\/uploads\/2025\/07\/hyrco-AlmacenTecnoFastAngloAmerican-galeria01-1000x814-1.webp\"  data-sub-html=\"\" data-category=\"1\"                  data-lg-size=\"1000-814\"\n\n      >\n        <figure class=\"ee-gallery-item-figure\">\n                                    \n  \n  \n  \n  \n      \n      <img loading=\"lazy\" decoding=\"async\"\n      class=\"breakdance-image-object\"\n      src=\"https:\/\/hyrco.com\/wp-content\/uploads\/2025\/07\/hyrco-AlmacenTecnoFastAngloAmerican-galeria01-1000x814-1.webp\"\n      width=\"1000\"\n      height=\"814\"\n      \n      \n                                    srcset=\"https:\/\/hyrco.com\/wp-content\/uploads\/2025\/07\/hyrco-AlmacenTecnoFastAngloAmerican-galeria01-1000x814-1.webp 1000w, https:\/\/hyrco.com\/wp-content\/uploads\/2025\/07\/hyrco-AlmacenTecnoFastAngloAmerican-galeria01-1000x814-1-300x244.webp 300w, https:\/\/hyrco.com\/wp-content\/uploads\/2025\/07\/hyrco-AlmacenTecnoFastAngloAmerican-galeria01-1000x814-1-768x625.webp 768w\"\n                                                                      >\n  \n  \n          \n                  <\/figure>\n      <\/a>\n\n                \n      <a class=\"ee-gallery-item ee-gallery-item--image ee-gallery-item--single\" href=\"https:\/\/hyrco.com\/wp-content\/uploads\/2025\/08\/hyrco-pagInterna-almacen-tecno-fast-galeria3-1028x814-1.webp\"  data-sub-html=\"\" data-category=\"1\"                  data-lg-size=\"1028-814\"\n\n      >\n        <figure class=\"ee-gallery-item-figure\">\n                                    \n  \n  \n  \n  \n      \n      <img loading=\"lazy\" decoding=\"async\"\n      class=\"breakdance-image-object\"\n      src=\"https:\/\/hyrco.com\/wp-content\/uploads\/2025\/08\/hyrco-pagInterna-almacen-tecno-fast-galeria3-1028x814-1-1024x811.webp\"\n      width=\"1024\"\n      height=\"811\"\n      \n      \n                                    srcset=\"https:\/\/hyrco.com\/wp-content\/uploads\/2025\/08\/hyrco-pagInterna-almacen-tecno-fast-galeria3-1028x814-1.webp 1028w, https:\/\/hyrco.com\/wp-content\/uploads\/2025\/08\/hyrco-pagInterna-almacen-tecno-fast-galeria3-1028x814-1-300x238.webp 300w, https:\/\/hyrco.com\/wp-content\/uploads\/2025\/08\/hyrco-pagInterna-almacen-tecno-fast-galeria3-1028x814-1-1024x811.webp 1024w, https:\/\/hyrco.com\/wp-content\/uploads\/2025\/08\/hyrco-pagInterna-almacen-tecno-fast-galeria3-1028x814-1-768x608.webp 768w\"\n                                                                      >\n  \n  \n          \n                  <\/figure>\n      <\/a>\n\n        \n  <\/div>\n\n\n\n<\/div><\/div>\n<\/section><section class=\"bde-section-695-104 bde-section\">\n  \n\t\n\n\n\n<div class=\"section-container\"><div class=\"bde-columns-695-105 bde-columns\"><div class=\"bde-column-695-106 bde-column\">\n  \n\t\n\n\n\n<div class=\"bde-div-695-107 bde-div\" data-entrance=\"zoomIn\">\n  \n\t\n\n\n\n<div class=\"bde-image-695-108 bde-image\">\n  \n\n\n\n\n\n<figure class=\"breakdance-image breakdance-image--208\">\n\t<div class=\"breakdance-image-container\">\n\t\t<div class=\"breakdance-image-clip\">\n\t\t\t\n\t\t\t\t\n\t\t\t\t\t      \n  \n  \n  \n  \n      \n      <img loading=\"lazy\" decoding=\"async\"\n      class=\"breakdance-image-object\"\n      src=\"https:\/\/hyrco.com\/wp-content\/uploads\/2025\/05\/hyrco-tecnofast270x116.webp\"\n      width=\"270\"\n      height=\"116\"\n      \n      \n                                                                  >\n  \n\n\t\t\t\t\t\n\t\t\t\t\t\t<\/div>\n\t<\/div>\n\n\t<\/figure>\n\n<\/div>\n<\/div><div class=\"bde-div-695-109 bde-div\" data-entrance=\"slideLeft\">\n  \n\t\n\n\n\n<div class=\"bde-rich-text-695-110 bde-rich-text breakdance-rich-text-styles\">\n<p>Almac\u00e9n Tecno<\/p>\n<\/div><div class=\"bde-rich-text-695-111 bde-rich-text breakdance-rich-text-styles\">\n<p>Fast \/ Anglo American<\/p>\n<\/div>\n<\/div>\n<\/div><div class=\"bde-column-695-112 bde-column\">\n  \n\t\n\n\n\n<div class=\"bde-div-695-113 bde-div\">\n  \n\t\n\n\n\n<div class=\"bde-div-695-114 bde-div\" data-entrance=\"slideRight\">\n  \n\t\n\n\n\n<div class=\"bde-rich-text-695-115 bde-rich-text breakdance-rich-text-styles\">\n<p>Contrataci\u00f3n EPC.<\/p>\n<\/div><div class=\"bde-fancy-divider-695-116 bde-fancy-divider\">\n\n\n<div class=\"bde-fancy-divider__wrapper\">\n  <div class=\"bde-fancy-divider__separator   \">\n  \t  <\/div>\n<\/div>\n\n<\/div>\n<\/div><div class=\"bde-div-695-117 bde-div\" data-entrance=\"slideRight\">\n  \n\t\n\n\n\n<div class=\"bde-rich-text-695-118 bde-rich-text breakdance-rich-text-styles\">\n<p>Almac\u00e9n met\u00e1lico a 2 aguas.<\/p>\n<\/div><div class=\"bde-fancy-divider-695-119 bde-fancy-divider\">\n\n\n<div class=\"bde-fancy-divider__wrapper\">\n  <div class=\"bde-fancy-divider__separator   \">\n  \t  <\/div>\n<\/div>\n\n<\/div>\n<\/div><div class=\"bde-div-695-120 bde-div\" data-entrance=\"slideRight\">\n  \n\t\n\n\n\n<div class=\"bde-rich-text-695-121 bde-rich-text breakdance-rich-text-styles\">\n<p>\u00c1rea techada: 3.2mil m\u00b2.<\/p>\n<\/div><div class=\"bde-fancy-divider-695-122 bde-fancy-divider\">\n\n\n<div class=\"bde-fancy-divider__wrapper\">\n  <div class=\"bde-fancy-divider__separator   \">\n  \t  <\/div>\n<\/div>\n\n<\/div>\n<\/div><div class=\"bde-div-695-123 bde-div\" data-entrance=\"slideRight\">\n  \n\t\n\n\n\n<div class=\"bde-rich-text-695-124 bde-rich-text breakdance-rich-text-styles\">\n<p>Altura libre: 6 m.<\/p>\n<\/div><div class=\"bde-fancy-divider-695-125 bde-fancy-divider\">\n\n\n<div class=\"bde-fancy-divider__wrapper\">\n  <div class=\"bde-fancy-divider__separator   \">\n  \t  <\/div>\n<\/div>\n\n<\/div>\n<\/div><div class=\"bde-div-695-129 bde-div\" data-entrance=\"slideRight\">\n  \n\t\n\n\n\n<div class=\"bde-rich-text-695-130 bde-rich-text breakdance-rich-text-styles\">\n<p>Lugar: Quellaveco.<\/p>\n<\/div><div class=\"bde-fancy-divider-695-131 bde-fancy-divider\">\n\n\n<div class=\"bde-fancy-divider__wrapper\">\n  <div class=\"bde-fancy-divider__separator   \">\n  \t  <\/div>\n<\/div>\n\n<\/div>\n<\/div>\n<\/div>\n<\/div><\/div><\/div>\n<\/section><\/div>","protected":false},"excerpt":{"rendered":"<p>Almac\u00e9n Tecno Fast \/ Anglo American Almac\u00e9n Tecno Fast \/ Anglo American Contrataci\u00f3n EPC. Almac\u00e9n met\u00e1lico a 2 aguas. \u00c1rea techada: 3.2mil m\u00b2. Altura libre: 6 m. Lugar: Quellaveco.<\/p>\n","protected":false},"author":1,"featured_media":0,"parent":0,"menu_order":0,"comment_status":"closed","ping_status":"closed","template":"","meta":{"_acf_changed":false,"_breakdance_hide_in_design_set":false,"_breakdance_tags":"","footnotes":""},"class_list":["post-695","page","type-page","status-publish","hentry"],"acf":[],"_links":{"self":[{"href":"https:\/\/hyrco.com\/index.php\/wp-json\/wp\/v2\/pages\/695","targetHints":{"allow":["GET"]}}],"collection":[{"href":"https:\/\/hyrco.com\/index.php\/wp-json\/wp\/v2\/pages"}],"about":[{"href":"https:\/\/hyrco.com\/index.php\/wp-json\/wp\/v2\/types\/page"}],"author":[{"embeddable":true,"href":"https:\/\/hyrco.com\/index.php\/wp-json\/wp\/v2\/users\/1"}],"replies":[{"embeddable":true,"href":"https:\/\/hyrco.com\/index.php\/wp-json\/wp\/v2\/comments?post=695"}],"version-history":[{"count":21,"href":"https:\/\/hyrco.com\/index.php\/wp-json\/wp\/v2\/pages\/695\/revisions"}],"predecessor-version":[{"id":1495,"href":"https:\/\/hyrco.com\/index.php\/wp-json\/wp\/v2\/pages\/695\/revisions\/1495"}],"wp:attachment":[{"href":"https:\/\/hyrco.com\/index.php\/wp-json\/wp\/v2\/media?parent=695"}],"curies":[{"name":"wp","href":"https:\/\/api.w.org\/{rel}","templated":true}]}}