{"id":692,"date":"2025-06-04T13:54:11","date_gmt":"2025-06-04T18:54:11","guid":{"rendered":"https:\/\/hyrco.com\/?page_id=692"},"modified":"2025-09-24T10:51:05","modified_gmt":"2025-09-24T15:51:05","slug":"packing-de-paltas-y-arandanos","status":"publish","type":"page","link":"https:\/\/hyrco.com\/index.php\/packing-de-paltas-y-arandanos\/","title":{"rendered":"Packing de Paltas y Ar\u00e1ndanos"},"content":{"rendered":"<div class='breakdance'><section class=\"bde-section-692-100 bde-section\">\n  \n\t\n\n\n\n<div class=\"section-container\"><h1 class=\"bde-heading-692-101 bde-heading\" data-entrance=\"slideLeft\">\nPacking de Paltas y Ar\u00e1ndanos\n<\/h1><\/div>\n<\/section><section class=\"bde-section-692-102 bde-section\">\n  \n\t\n\n\n\n<div class=\"section-container\"><div class=\"bde-gallery-692-103 bde-gallery\" data-entrance=\"slideUp\">\n\n\n  \n\n\n\n  \n\n\n\n\n\n\n<div class=\"ee-gallery ee-gallery--default ee-gallery--grid ee-gallery-- ee-gallery--lightbox ee-gallery--zoom-in ee-gallery--caption- ee-gallery--caption-fade ee-gallery--ratio\">\n                  \n      <a class=\"ee-gallery-item ee-gallery-item--image ee-gallery-item--single\" href=\"https:\/\/hyrco.com\/wp-content\/uploads\/2025\/07\/hyrco-PackingdePaltasyArandanos-galeria-02-1000x814-1.webp\"  data-sub-html=\"\" data-category=\"1\"                  data-lg-size=\"1000-814\"\n\n      >\n        <figure class=\"ee-gallery-item-figure\">\n                                    \n  \n  \n  \n  \n      \n      <img loading=\"lazy\" decoding=\"async\"\n      class=\"breakdance-image-object\"\n      src=\"https:\/\/hyrco.com\/wp-content\/uploads\/2025\/07\/hyrco-PackingdePaltasyArandanos-galeria-02-1000x814-1.webp\"\n      width=\"1000\"\n      height=\"814\"\n      \n      \n                                    srcset=\"https:\/\/hyrco.com\/wp-content\/uploads\/2025\/07\/hyrco-PackingdePaltasyArandanos-galeria-02-1000x814-1.webp 1000w, https:\/\/hyrco.com\/wp-content\/uploads\/2025\/07\/hyrco-PackingdePaltasyArandanos-galeria-02-1000x814-1-300x244.webp 300w, https:\/\/hyrco.com\/wp-content\/uploads\/2025\/07\/hyrco-PackingdePaltasyArandanos-galeria-02-1000x814-1-768x625.webp 768w\"\n                                                                      >\n  \n  \n          \n                  <\/figure>\n      <\/a>\n\n                \n      <a class=\"ee-gallery-item ee-gallery-item--image ee-gallery-item--single\" href=\"https:\/\/hyrco.com\/wp-content\/uploads\/2025\/06\/hyrco-packing-de-paltas-y-arandan02.webp\"  data-sub-html=\"\" data-category=\"1\"                  data-lg-size=\"1000-814\"\n\n      >\n        <figure class=\"ee-gallery-item-figure\">\n                                    \n  \n  \n  \n  \n      \n      <img loading=\"lazy\" decoding=\"async\"\n      class=\"breakdance-image-object\"\n      src=\"https:\/\/hyrco.com\/wp-content\/uploads\/2025\/06\/hyrco-packing-de-paltas-y-arandan02.webp\"\n      width=\"1000\"\n      height=\"814\"\n      \n      \n                                    srcset=\"https:\/\/hyrco.com\/wp-content\/uploads\/2025\/06\/hyrco-packing-de-paltas-y-arandan02.webp 1000w, https:\/\/hyrco.com\/wp-content\/uploads\/2025\/06\/hyrco-packing-de-paltas-y-arandan02-300x244.webp 300w, https:\/\/hyrco.com\/wp-content\/uploads\/2025\/06\/hyrco-packing-de-paltas-y-arandan02-768x625.webp 768w\"\n                                                                      >\n  \n  \n          \n                  <\/figure>\n      <\/a>\n\n                \n      <a class=\"ee-gallery-item ee-gallery-item--image ee-gallery-item--single\" href=\"https:\/\/hyrco.com\/wp-content\/uploads\/2025\/07\/hyrco-PackingdePaltasyArandanos-galeria-03-1000x814-1.webp\"  data-sub-html=\"\" data-category=\"1\"                  data-lg-size=\"1000-814\"\n\n      >\n        <figure class=\"ee-gallery-item-figure\">\n                                    \n  \n  \n  \n  \n      \n      <img loading=\"lazy\" decoding=\"async\"\n      class=\"breakdance-image-object\"\n      src=\"https:\/\/hyrco.com\/wp-content\/uploads\/2025\/07\/hyrco-PackingdePaltasyArandanos-galeria-03-1000x814-1.webp\"\n      width=\"1000\"\n      height=\"814\"\n      \n      \n                                    srcset=\"https:\/\/hyrco.com\/wp-content\/uploads\/2025\/07\/hyrco-PackingdePaltasyArandanos-galeria-03-1000x814-1.webp 1000w, https:\/\/hyrco.com\/wp-content\/uploads\/2025\/07\/hyrco-PackingdePaltasyArandanos-galeria-03-1000x814-1-300x244.webp 300w, https:\/\/hyrco.com\/wp-content\/uploads\/2025\/07\/hyrco-PackingdePaltasyArandanos-galeria-03-1000x814-1-768x625.webp 768w\"\n                                                                      >\n  \n  \n          \n                  <\/figure>\n      <\/a>\n\n        \n  <\/div>\n\n\n\n<\/div><\/div>\n<\/section><section class=\"bde-section-692-104 bde-section\">\n  \n\t\n\n\n\n<div class=\"section-container\"><div class=\"bde-columns-692-105 bde-columns\"><div class=\"bde-column-692-106 bde-column\">\n  \n\t\n\n\n\n<div class=\"bde-div-692-107 bde-div\" data-entrance=\"zoomIn\">\n  \n\t\n\n\n\n<div class=\"bde-image-692-108 bde-image\">\n  \n\n\n\n\n\n<figure class=\"breakdance-image breakdance-image--197\">\n\t<div class=\"breakdance-image-container\">\n\t\t<div class=\"breakdance-image-clip\">\n\t\t\t\n\t\t\t\t\n\t\t\t\t\t      \n  \n  \n  \n  \n      \n      <img loading=\"lazy\" decoding=\"async\"\n      class=\"breakdance-image-object\"\n      src=\"https:\/\/hyrco.com\/wp-content\/uploads\/2025\/05\/hyrco-avocadoParking-270x116-1.webp\"\n      width=\"270\"\n      height=\"116\"\n      \n      \n                                                                  >\n  \n\n\t\t\t\t\t\n\t\t\t\t\t\t<\/div>\n\t<\/div>\n\n\t<\/figure>\n\n<\/div>\n<\/div><div class=\"bde-div-692-109 bde-div\" data-entrance=\"slideLeft\">\n  \n\t\n\n\n\n<div class=\"bde-rich-text-692-110 bde-rich-text breakdance-rich-text-styles\">\n<p>Packing<\/p>\n<\/div><div class=\"bde-rich-text-692-111 bde-rich-text breakdance-rich-text-styles\">\n<p>de Paltas y Ar\u00e1ndanos<\/p>\n<\/div>\n<\/div>\n<\/div><div class=\"bde-column-692-112 bde-column\">\n  \n\t\n\n\n\n<div class=\"bde-div-692-113 bde-div\">\n  \n\t\n\n\n\n<div class=\"bde-div-692-114 bde-div\" data-entrance=\"slideRight\">\n  \n\t\n\n\n\n<div class=\"bde-rich-text-692-115 bde-rich-text breakdance-rich-text-styles\">\n<p>Contrataci\u00f3n Suministro y Montaje.<\/p>\n<\/div><div class=\"bde-fancy-divider-692-116 bde-fancy-divider\">\n\n\n<div class=\"bde-fancy-divider__wrapper\">\n  <div class=\"bde-fancy-divider__separator   \">\n  \t  <\/div>\n<\/div>\n\n<\/div>\n<\/div><div class=\"bde-div-692-117 bde-div\" data-entrance=\"slideRight\">\n  \n\t\n\n\n\n<div class=\"bde-rich-text-692-118 bde-rich-text breakdance-rich-text-styles\">\n<p>Almac\u00e9n met\u00e1lico 100% empernable.<\/p>\n<\/div><div class=\"bde-fancy-divider-692-119 bde-fancy-divider\">\n\n\n<div class=\"bde-fancy-divider__wrapper\">\n  <div class=\"bde-fancy-divider__separator   \">\n  \t  <\/div>\n<\/div>\n\n<\/div>\n<\/div><div class=\"bde-div-692-120 bde-div\" data-entrance=\"slideRight\">\n  \n\t\n\n\n\n<div class=\"bde-rich-text-692-121 bde-rich-text breakdance-rich-text-styles\">\n<p>\u00c1rea techada: 50mil m\u00b2.<\/p>\n<\/div><div class=\"bde-fancy-divider-692-122 bde-fancy-divider\">\n\n\n<div class=\"bde-fancy-divider__wrapper\">\n  <div class=\"bde-fancy-divider__separator   \">\n  \t  <\/div>\n<\/div>\n\n<\/div>\n<\/div><div class=\"bde-div-692-123 bde-div\" data-entrance=\"slideRight\">\n  \n\t\n\n\n\n<div class=\"bde-rich-text-692-124 bde-rich-text breakdance-rich-text-styles\">\n<p>Altura libre: 9-12 m.<\/p>\n<\/div><div class=\"bde-fancy-divider-692-125 bde-fancy-divider\">\n\n\n<div class=\"bde-fancy-divider__wrapper\">\n  <div class=\"bde-fancy-divider__separator   \">\n  \t  <\/div>\n<\/div>\n\n<\/div>\n<\/div><div class=\"bde-div-692-129 bde-div\" data-entrance=\"slideRight\">\n  \n\t\n\n\n\n<div class=\"bde-rich-text-692-130 bde-rich-text breakdance-rich-text-styles\">\n<p>Lugar: Chao \u2013 Trujillo y Olmos.<\/p>\n<\/div><div class=\"bde-fancy-divider-692-131 bde-fancy-divider\">\n\n\n<div class=\"bde-fancy-divider__wrapper\">\n  <div class=\"bde-fancy-divider__separator   \">\n  \t  <\/div>\n<\/div>\n\n<\/div>\n<\/div>\n<\/div>\n<\/div><\/div><\/div>\n<\/section><\/div>","protected":false},"excerpt":{"rendered":"<p>Packing de Paltas y Ar\u00e1ndanos Packing de Paltas y Ar\u00e1ndanos Contrataci\u00f3n Suministro y Montaje. Almac\u00e9n met\u00e1lico 100% empernable. \u00c1rea techada: 50mil m\u00b2. Altura libre: 9-12 m. Lugar: Chao \u2013 Trujillo y Olmos.<\/p>\n","protected":false},"author":1,"featured_media":0,"parent":0,"menu_order":0,"comment_status":"closed","ping_status":"closed","template":"","meta":{"_acf_changed":false,"_breakdance_hide_in_design_set":false,"_breakdance_tags":"","footnotes":""},"class_list":["post-692","page","type-page","status-publish","hentry"],"acf":[],"_links":{"self":[{"href":"https:\/\/hyrco.com\/index.php\/wp-json\/wp\/v2\/pages\/692","targetHints":{"allow":["GET"]}}],"collection":[{"href":"https:\/\/hyrco.com\/index.php\/wp-json\/wp\/v2\/pages"}],"about":[{"href":"https:\/\/hyrco.com\/index.php\/wp-json\/wp\/v2\/types\/page"}],"author":[{"embeddable":true,"href":"https:\/\/hyrco.com\/index.php\/wp-json\/wp\/v2\/users\/1"}],"replies":[{"embeddable":true,"href":"https:\/\/hyrco.com\/index.php\/wp-json\/wp\/v2\/comments?post=692"}],"version-history":[{"count":11,"href":"https:\/\/hyrco.com\/index.php\/wp-json\/wp\/v2\/pages\/692\/revisions"}],"predecessor-version":[{"id":1301,"href":"https:\/\/hyrco.com\/index.php\/wp-json\/wp\/v2\/pages\/692\/revisions\/1301"}],"wp:attachment":[{"href":"https:\/\/hyrco.com\/index.php\/wp-json\/wp\/v2\/media?parent=692"}],"curies":[{"name":"wp","href":"https:\/\/api.w.org\/{rel}","templated":true}]}}