{"id":686,"date":"2025-06-03T18:14:37","date_gmt":"2025-06-03T23:14:37","guid":{"rendered":"https:\/\/hyrco.com\/?page_id=686"},"modified":"2025-09-24T10:40:54","modified_gmt":"2025-09-24T15:40:54","slug":"proyecto-ach","status":"publish","type":"page","link":"https:\/\/hyrco.com\/index.php\/proyecto-ach\/","title":{"rendered":"Almac\u00e9n ACH &#8211; DINET"},"content":{"rendered":"<div class='breakdance'><section class=\"bde-section-686-100 bde-section\">\n  \n\t\n\n\n\n<div class=\"section-container\"><h1 class=\"bde-heading-686-101 bde-heading\" data-entrance=\"slideLeft\">\nAlmac\u00e9n ACH &#8211; DINET\n<\/h1><\/div>\n<\/section><section class=\"bde-section-686-102 bde-section\">\n  \n\t\n\n\n\n<div class=\"section-container\"><div class=\"bde-gallery-686-103 bde-gallery\" data-entrance=\"slideUp\">\n\n\n  \n\n\n\n  \n\n\n\n\n\n\n<div class=\"ee-gallery ee-gallery--default ee-gallery--grid ee-gallery-- ee-gallery--lightbox ee-gallery--zoom-in ee-gallery--caption- ee-gallery--caption-fade ee-gallery--ratio\">\n                  \n      <a class=\"ee-gallery-item ee-gallery-item--image ee-gallery-item--single\" href=\"https:\/\/hyrco.com\/wp-content\/uploads\/2025\/07\/hyrco-AlmacenACH\u2013DINET-01-1000x593-1.webp\"  data-sub-html=\"\" data-category=\"1\"                  data-lg-size=\"1000-593\"\n\n      >\n        <figure class=\"ee-gallery-item-figure\">\n                                    \n  \n  \n  \n  \n      \n      <img loading=\"lazy\" decoding=\"async\"\n      class=\"breakdance-image-object\"\n      src=\"https:\/\/hyrco.com\/wp-content\/uploads\/2025\/07\/hyrco-AlmacenACH\u2013DINET-01-1000x593-1.webp\"\n      width=\"1000\"\n      height=\"593\"\n      \n      \n                                    srcset=\"https:\/\/hyrco.com\/wp-content\/uploads\/2025\/07\/hyrco-AlmacenACH\u2013DINET-01-1000x593-1.webp 1000w, https:\/\/hyrco.com\/wp-content\/uploads\/2025\/07\/hyrco-AlmacenACH\u2013DINET-01-1000x593-1-300x178.webp 300w, https:\/\/hyrco.com\/wp-content\/uploads\/2025\/07\/hyrco-AlmacenACH\u2013DINET-01-1000x593-1-768x455.webp 768w\"\n                                                                      >\n  \n  \n          \n                  <\/figure>\n      <\/a>\n\n                \n      <a class=\"ee-gallery-item ee-gallery-item--image ee-gallery-item--single\" href=\"https:\/\/hyrco.com\/wp-content\/uploads\/2025\/07\/hyrco-AlmacenACH\u2013DINET-03-1000x593-1.webp\"  data-sub-html=\"\" data-category=\"1\"                  data-lg-size=\"1000-593\"\n\n      >\n        <figure class=\"ee-gallery-item-figure\">\n                                    \n  \n  \n  \n  \n      \n      <img loading=\"lazy\" decoding=\"async\"\n      class=\"breakdance-image-object\"\n      src=\"https:\/\/hyrco.com\/wp-content\/uploads\/2025\/07\/hyrco-AlmacenACH\u2013DINET-03-1000x593-1.webp\"\n      width=\"1000\"\n      height=\"593\"\n      \n      \n                                    srcset=\"https:\/\/hyrco.com\/wp-content\/uploads\/2025\/07\/hyrco-AlmacenACH\u2013DINET-03-1000x593-1.webp 1000w, https:\/\/hyrco.com\/wp-content\/uploads\/2025\/07\/hyrco-AlmacenACH\u2013DINET-03-1000x593-1-300x178.webp 300w, https:\/\/hyrco.com\/wp-content\/uploads\/2025\/07\/hyrco-AlmacenACH\u2013DINET-03-1000x593-1-768x455.webp 768w\"\n                                                                      >\n  \n  \n          \n                  <\/figure>\n      <\/a>\n\n                \n      <a class=\"ee-gallery-item ee-gallery-item--image ee-gallery-item--single\" href=\"https:\/\/hyrco.com\/wp-content\/uploads\/2025\/07\/hyrco-AlmacenACH\u2013DINET-04-1000x593-1.webp\"  data-sub-html=\"\" data-category=\"1\"                  data-lg-size=\"1000-593\"\n\n      >\n        <figure class=\"ee-gallery-item-figure\">\n                                    \n  \n  \n  \n  \n      \n      <img loading=\"lazy\" decoding=\"async\"\n      class=\"breakdance-image-object\"\n      src=\"https:\/\/hyrco.com\/wp-content\/uploads\/2025\/07\/hyrco-AlmacenACH\u2013DINET-04-1000x593-1.webp\"\n      width=\"1000\"\n      height=\"593\"\n      \n      \n                                    srcset=\"https:\/\/hyrco.com\/wp-content\/uploads\/2025\/07\/hyrco-AlmacenACH\u2013DINET-04-1000x593-1.webp 1000w, https:\/\/hyrco.com\/wp-content\/uploads\/2025\/07\/hyrco-AlmacenACH\u2013DINET-04-1000x593-1-300x178.webp 300w, https:\/\/hyrco.com\/wp-content\/uploads\/2025\/07\/hyrco-AlmacenACH\u2013DINET-04-1000x593-1-768x455.webp 768w\"\n                                                                      >\n  \n  \n          \n                  <\/figure>\n      <\/a>\n\n        \n  <\/div>\n\n\n\n<\/div><\/div>\n<\/section><section class=\"bde-section-686-104 bde-section\">\n  \n\t\n\n\n\n<div class=\"section-container\"><div class=\"bde-columns-686-105 bde-columns\"><div class=\"bde-column-686-106 bde-column\">\n  \n\t\n\n\n\n<div class=\"bde-div-686-107 bde-div\" data-entrance=\"zoomIn\">\n  \n\t\n\n\n\n<div class=\"bde-image-686-108 bde-image\">\n  \n\n\n\n\n\n<figure class=\"breakdance-image breakdance-image--189\">\n\t<div class=\"breakdance-image-container\">\n\t\t<div class=\"breakdance-image-clip\">\n\t\t\t\n\t\t\t\t\n\t\t\t\t\t      \n  \n  \n  \n  \n      \n      <img loading=\"lazy\" decoding=\"async\"\n      class=\"breakdance-image-object\"\n      src=\"https:\/\/hyrco.com\/wp-content\/uploads\/2025\/05\/hyrco-ACH270x116.webp\"\n      width=\"270\"\n      height=\"116\"\n      \n      \n                                                                  >\n  \n\n\t\t\t\t\t\n\t\t\t\t\t\t<\/div>\n\t<\/div>\n\n\t<\/figure>\n\n<\/div>\n<\/div><div class=\"bde-div-686-109 bde-div\" data-entrance=\"slideLeft\">\n  \n\t\n\n\n\n<div class=\"bde-rich-text-686-110 bde-rich-text breakdance-rich-text-styles\">\n<p>Almac\u00e9n<\/p>\n<\/div><div class=\"bde-rich-text-686-111 bde-rich-text breakdance-rich-text-styles\">\n<p>ACH - DINET<\/p>\n<\/div>\n<\/div>\n<\/div><div class=\"bde-column-686-112 bde-column\">\n  \n\t\n\n\n\n<div class=\"bde-div-686-113 bde-div\">\n  \n\t\n\n\n\n<div class=\"bde-div-686-114 bde-div\" data-entrance=\"slideRight\">\n  \n\t\n\n\n\n<div class=\"bde-rich-text-686-115 bde-rich-text breakdance-rich-text-styles\">\n<p>Contrataci\u00f3n EPC.<\/p>\n<\/div><div class=\"bde-fancy-divider-686-116 bde-fancy-divider\">\n\n\n<div class=\"bde-fancy-divider__wrapper\">\n  <div class=\"bde-fancy-divider__separator   \">\n  \t  <\/div>\n<\/div>\n\n<\/div>\n<\/div><div class=\"bde-div-686-117 bde-div\" data-entrance=\"slideRight\">\n  \n\t\n\n\n\n<div class=\"bde-rich-text-686-118 bde-rich-text breakdance-rich-text-styles\">\n<p>Almac\u00e9n met\u00e1lico 100% empernable.<\/p>\n<\/div><div class=\"bde-fancy-divider-686-119 bde-fancy-divider\">\n\n\n<div class=\"bde-fancy-divider__wrapper\">\n  <div class=\"bde-fancy-divider__separator   \">\n  \t  <\/div>\n<\/div>\n\n<\/div>\n<\/div><div class=\"bde-div-686-120 bde-div\" data-entrance=\"slideRight\">\n  \n\t\n\n\n\n<div class=\"bde-rich-text-686-121 bde-rich-text breakdance-rich-text-styles\">\n<p>\u00c1rea techada: 59.6mil m\u00b2.<\/p>\n<\/div><div class=\"bde-fancy-divider-686-122 bde-fancy-divider\">\n\n\n<div class=\"bde-fancy-divider__wrapper\">\n  <div class=\"bde-fancy-divider__separator   \">\n  \t  <\/div>\n<\/div>\n\n<\/div>\n<\/div><div class=\"bde-div-686-123 bde-div\" data-entrance=\"slideRight\">\n  \n\t\n\n\n\n<div class=\"bde-rich-text-686-124 bde-rich-text breakdance-rich-text-styles\">\n<p>Altura libre: 11.9 m.<\/p>\n<\/div><div class=\"bde-fancy-divider-686-125 bde-fancy-divider\">\n\n\n<div class=\"bde-fancy-divider__wrapper\">\n  <div class=\"bde-fancy-divider__separator   \">\n  \t  <\/div>\n<\/div>\n\n<\/div>\n<\/div><div class=\"bde-div-686-126 bde-div\" data-entrance=\"slideRight\">\n  \n\t\n\n\n\n<div class=\"bde-rich-text-686-127 bde-rich-text breakdance-rich-text-styles\">\n<p>Luz: 27-30 m.<\/p>\n<\/div><div class=\"bde-fancy-divider-686-128 bde-fancy-divider\">\n\n\n<div class=\"bde-fancy-divider__wrapper\">\n  <div class=\"bde-fancy-divider__separator   \">\n  \t  <\/div>\n<\/div>\n\n<\/div>\n<\/div><div class=\"bde-div-686-132 bde-div\" data-entrance=\"slideRight\">\n  \n\t\n\n\n\n<div class=\"bde-rich-text-686-133 bde-rich-text breakdance-rich-text-styles\">\n<p>Lugar: Huachipa.<\/p>\n<\/div><div class=\"bde-fancy-divider-686-134 bde-fancy-divider\">\n\n\n<div class=\"bde-fancy-divider__wrapper\">\n  <div class=\"bde-fancy-divider__separator   \">\n  \t  <\/div>\n<\/div>\n\n<\/div>\n<\/div>\n<\/div>\n<\/div><\/div><\/div>\n<\/section><\/div>","protected":false},"excerpt":{"rendered":"<p>Almac\u00e9n ACH &#8211; DINET Almac\u00e9n ACH &#8211; DINET Contrataci\u00f3n EPC. Almac\u00e9n met\u00e1lico 100% empernable. \u00c1rea techada: 59.6mil m\u00b2. Altura libre: 11.9 m. Luz: 27-30 m. Lugar: Huachipa.<\/p>\n","protected":false},"author":1,"featured_media":0,"parent":0,"menu_order":0,"comment_status":"closed","ping_status":"closed","template":"","meta":{"_acf_changed":false,"_breakdance_hide_in_design_set":false,"_breakdance_tags":"","footnotes":""},"class_list":["post-686","page","type-page","status-publish","hentry"],"acf":[],"_links":{"self":[{"href":"https:\/\/hyrco.com\/index.php\/wp-json\/wp\/v2\/pages\/686","targetHints":{"allow":["GET"]}}],"collection":[{"href":"https:\/\/hyrco.com\/index.php\/wp-json\/wp\/v2\/pages"}],"about":[{"href":"https:\/\/hyrco.com\/index.php\/wp-json\/wp\/v2\/types\/page"}],"author":[{"embeddable":true,"href":"https:\/\/hyrco.com\/index.php\/wp-json\/wp\/v2\/users\/1"}],"replies":[{"embeddable":true,"href":"https:\/\/hyrco.com\/index.php\/wp-json\/wp\/v2\/comments?post=686"}],"version-history":[{"count":14,"href":"https:\/\/hyrco.com\/index.php\/wp-json\/wp\/v2\/pages\/686\/revisions"}],"predecessor-version":[{"id":1299,"href":"https:\/\/hyrco.com\/index.php\/wp-json\/wp\/v2\/pages\/686\/revisions\/1299"}],"wp:attachment":[{"href":"https:\/\/hyrco.com\/index.php\/wp-json\/wp\/v2\/media?parent=686"}],"curies":[{"name":"wp","href":"https:\/\/api.w.org\/{rel}","templated":true}]}}