{"id":672,"date":"2025-06-03T17:54:54","date_gmt":"2025-06-03T22:54:54","guid":{"rendered":"https:\/\/hyrco.com\/?page_id=672"},"modified":"2025-09-24T10:47:14","modified_gmt":"2025-09-24T15:47:14","slug":"proyecto-almacen-logistico-alicorp","status":"publish","type":"page","link":"https:\/\/hyrco.com\/index.php\/proyecto-almacen-logistico-alicorp\/","title":{"rendered":"Almac\u00e9n log\u00edstico \/ Alicorp &#8211; Peruve"},"content":{"rendered":"<div class='breakdance'><section class=\"bde-section-672-100 bde-section\">\n  \n\t\n\n\n\n<div class=\"section-container\"><h1 class=\"bde-heading-672-101 bde-heading\" data-entrance=\"slideLeft\">\nAlmac\u00e9n log\u00edstico \/ Alicorp &#8211; Peruve\n<\/h1><\/div>\n<\/section><section class=\"bde-section-672-102 bde-section\">\n  \n\t\n\n\n\n<div class=\"section-container\"><div class=\"bde-gallery-672-103 bde-gallery\" data-entrance=\"slideUp\">\n\n\n  \n\n\n\n  \n\n\n\n\n\n\n<div class=\"ee-gallery ee-gallery--default ee-gallery--grid ee-gallery-- ee-gallery--lightbox ee-gallery--zoom-in ee-gallery--caption- ee-gallery--caption-fade ee-gallery--ratio\">\n                  \n      <a class=\"ee-gallery-item ee-gallery-item--image ee-gallery-item--single\" href=\"https:\/\/hyrco.com\/wp-content\/uploads\/2025\/08\/hyrco-img4-pagina-internas-proyecto-Almacen-logistico-Alicorp-Peruve-1000x593-1.webp\"  data-sub-html=\"\" data-category=\"1\"                  data-lg-size=\"1000-593\"\n\n      >\n        <figure class=\"ee-gallery-item-figure\">\n                                    \n  \n  \n  \n  \n      \n      <img loading=\"lazy\" decoding=\"async\"\n      class=\"breakdance-image-object\"\n      src=\"https:\/\/hyrco.com\/wp-content\/uploads\/2025\/08\/hyrco-img4-pagina-internas-proyecto-Almacen-logistico-Alicorp-Peruve-1000x593-1.webp\"\n      width=\"1000\"\n      height=\"593\"\n      \n      \n                                    srcset=\"https:\/\/hyrco.com\/wp-content\/uploads\/2025\/08\/hyrco-img4-pagina-internas-proyecto-Almacen-logistico-Alicorp-Peruve-1000x593-1.webp 1000w, https:\/\/hyrco.com\/wp-content\/uploads\/2025\/08\/hyrco-img4-pagina-internas-proyecto-Almacen-logistico-Alicorp-Peruve-1000x593-1-300x178.webp 300w, https:\/\/hyrco.com\/wp-content\/uploads\/2025\/08\/hyrco-img4-pagina-internas-proyecto-Almacen-logistico-Alicorp-Peruve-1000x593-1-768x455.webp 768w\"\n                                                                      >\n  \n  \n          \n                  <\/figure>\n      <\/a>\n\n                \n      <a class=\"ee-gallery-item ee-gallery-item--image ee-gallery-item--single\" href=\"https:\/\/hyrco.com\/wp-content\/uploads\/2025\/08\/hyrco-img3-pagina-internas-proyecto-Almacen-logistico-Alicorp-Peruve-1000x593-1.webp\"  data-sub-html=\"\" data-category=\"1\"                  data-lg-size=\"1000-593\"\n\n      >\n        <figure class=\"ee-gallery-item-figure\">\n                                    \n  \n  \n  \n  \n      \n      <img loading=\"lazy\" decoding=\"async\"\n      class=\"breakdance-image-object\"\n      src=\"https:\/\/hyrco.com\/wp-content\/uploads\/2025\/08\/hyrco-img3-pagina-internas-proyecto-Almacen-logistico-Alicorp-Peruve-1000x593-1.webp\"\n      width=\"1000\"\n      height=\"593\"\n      \n      \n                                    srcset=\"https:\/\/hyrco.com\/wp-content\/uploads\/2025\/08\/hyrco-img3-pagina-internas-proyecto-Almacen-logistico-Alicorp-Peruve-1000x593-1.webp 1000w, https:\/\/hyrco.com\/wp-content\/uploads\/2025\/08\/hyrco-img3-pagina-internas-proyecto-Almacen-logistico-Alicorp-Peruve-1000x593-1-300x178.webp 300w, https:\/\/hyrco.com\/wp-content\/uploads\/2025\/08\/hyrco-img3-pagina-internas-proyecto-Almacen-logistico-Alicorp-Peruve-1000x593-1-768x455.webp 768w\"\n                                                                      >\n  \n  \n          \n                  <\/figure>\n      <\/a>\n\n                \n      <a class=\"ee-gallery-item ee-gallery-item--image ee-gallery-item--single\" href=\"https:\/\/hyrco.com\/wp-content\/uploads\/2025\/08\/hyrco-img1-pagina-internas-proyecto-Almacen-logistico-Alicorp-Peruve-1000x593-1.webp\"  data-sub-html=\"\" data-category=\"1\"                  data-lg-size=\"1000-593\"\n\n      >\n        <figure class=\"ee-gallery-item-figure\">\n                                    \n  \n  \n  \n  \n      \n      <img loading=\"lazy\" decoding=\"async\"\n      class=\"breakdance-image-object\"\n      src=\"https:\/\/hyrco.com\/wp-content\/uploads\/2025\/08\/hyrco-img1-pagina-internas-proyecto-Almacen-logistico-Alicorp-Peruve-1000x593-1.webp\"\n      width=\"1000\"\n      height=\"593\"\n      \n      \n                                    srcset=\"https:\/\/hyrco.com\/wp-content\/uploads\/2025\/08\/hyrco-img1-pagina-internas-proyecto-Almacen-logistico-Alicorp-Peruve-1000x593-1.webp 1000w, https:\/\/hyrco.com\/wp-content\/uploads\/2025\/08\/hyrco-img1-pagina-internas-proyecto-Almacen-logistico-Alicorp-Peruve-1000x593-1-300x178.webp 300w, https:\/\/hyrco.com\/wp-content\/uploads\/2025\/08\/hyrco-img1-pagina-internas-proyecto-Almacen-logistico-Alicorp-Peruve-1000x593-1-768x455.webp 768w\"\n                                                                      >\n  \n  \n          \n                  <\/figure>\n      <\/a>\n\n                \n      <a class=\"ee-gallery-item ee-gallery-item--image ee-gallery-item--single\" href=\"https:\/\/hyrco.com\/wp-content\/uploads\/2025\/08\/hyrco-img2-pagina-internas-proyecto-Almacen-logistico-Alicorp-Peruve-1000x593-1.webp\"  data-sub-html=\"\" data-category=\"1\"                  data-lg-size=\"1000-593\"\n\n      >\n        <figure class=\"ee-gallery-item-figure\">\n                                    \n  \n  \n  \n  \n      \n      <img loading=\"lazy\" decoding=\"async\"\n      class=\"breakdance-image-object\"\n      src=\"https:\/\/hyrco.com\/wp-content\/uploads\/2025\/08\/hyrco-img2-pagina-internas-proyecto-Almacen-logistico-Alicorp-Peruve-1000x593-1.webp\"\n      width=\"1000\"\n      height=\"593\"\n      \n      \n                                    srcset=\"https:\/\/hyrco.com\/wp-content\/uploads\/2025\/08\/hyrco-img2-pagina-internas-proyecto-Almacen-logistico-Alicorp-Peruve-1000x593-1.webp 1000w, https:\/\/hyrco.com\/wp-content\/uploads\/2025\/08\/hyrco-img2-pagina-internas-proyecto-Almacen-logistico-Alicorp-Peruve-1000x593-1-300x178.webp 300w, https:\/\/hyrco.com\/wp-content\/uploads\/2025\/08\/hyrco-img2-pagina-internas-proyecto-Almacen-logistico-Alicorp-Peruve-1000x593-1-768x455.webp 768w\"\n                                                                      >\n  \n  \n          \n                  <\/figure>\n      <\/a>\n\n        \n  <\/div>\n\n\n\n<\/div><\/div>\n<\/section><section class=\"bde-section-672-104 bde-section\">\n  \n\t\n\n\n\n<div class=\"section-container\"><div class=\"bde-columns-672-105 bde-columns\"><div class=\"bde-column-672-106 bde-column\">\n  \n\t\n\n\n\n<div class=\"bde-div-672-110 bde-div\" data-entrance=\"zoomIn\">\n  \n\t\n\n\n\n<div class=\"bde-image-672-111 bde-image\">\n  \n\n\n\n\n\n<figure class=\"breakdance-image breakdance-image--195\">\n\t<div class=\"breakdance-image-container\">\n\t\t<div class=\"breakdance-image-clip\">\n\t\t\t\n\t\t\t\t\n\t\t\t\t\t      \n  \n  \n  \n  \n      \n      <img loading=\"lazy\" decoding=\"async\"\n      class=\"breakdance-image-object\"\n      src=\"https:\/\/hyrco.com\/wp-content\/uploads\/2025\/05\/hyrco-alicorp270x116.webp\"\n      width=\"270\"\n      height=\"116\"\n      \n      \n                                                                  >\n  \n\n\t\t\t\t\t\n\t\t\t\t\t\t<\/div>\n\t<\/div>\n\n\t<\/figure>\n\n<\/div>\n<\/div><div class=\"bde-div-672-114 bde-div\" data-entrance=\"slideLeft\">\n  \n\t\n\n\n\n<div class=\"bde-rich-text-672-113 bde-rich-text breakdance-rich-text-styles\">\n<p>Almac\u00e9n Log\u00edstico\u00a0 ALICORP - PERUVE<\/p>\n<\/div>\n<\/div>\n<\/div><div class=\"bde-column-672-107 bde-column\">\n  \n\t\n\n\n\n<div class=\"bde-div-672-115 bde-div\">\n  \n\t\n\n\n\n<div class=\"bde-div-672-130 bde-div\" data-entrance=\"slideRight\">\n  \n\t\n\n\n\n<div class=\"bde-rich-text-672-119 bde-rich-text breakdance-rich-text-styles\">\n<p>Contrataci\u00f3n EPCM.<\/p>\n<\/div><div class=\"bde-fancy-divider-672-117 bde-fancy-divider\">\n\n\n<div class=\"bde-fancy-divider__wrapper\">\n  <div class=\"bde-fancy-divider__separator   \">\n  \t  <\/div>\n<\/div>\n\n<\/div>\n<\/div><div class=\"bde-div-672-131 bde-div\" data-entrance=\"slideRight\">\n  \n\t\n\n\n\n<div class=\"bde-rich-text-672-120 bde-rich-text breakdance-rich-text-styles\">\n<p>Almac\u00e9n met\u00e1lico 100% empernable.<\/p>\n<\/div><div class=\"bde-fancy-divider-672-121 bde-fancy-divider\">\n\n\n<div class=\"bde-fancy-divider__wrapper\">\n  <div class=\"bde-fancy-divider__separator   \">\n  \t  <\/div>\n<\/div>\n\n<\/div>\n<\/div><div class=\"bde-div-672-132 bde-div\" data-entrance=\"slideRight\">\n  \n\t\n\n\n\n<div class=\"bde-rich-text-672-122 bde-rich-text breakdance-rich-text-styles\">\n<p>\u00c1rea de terreno: 38mil m\u00b2.<\/p>\n<\/div><div class=\"bde-fancy-divider-672-123 bde-fancy-divider\">\n\n\n<div class=\"bde-fancy-divider__wrapper\">\n  <div class=\"bde-fancy-divider__separator   \">\n  \t  <\/div>\n<\/div>\n\n<\/div>\n<\/div><div class=\"bde-div-672-133 bde-div\" data-entrance=\"slideRight\">\n  \n\t\n\n\n\n<div class=\"bde-rich-text-672-124 bde-rich-text breakdance-rich-text-styles\">\n<p>\u00c1rea techada: 24mil m\u00b2.<\/p>\n<\/div><div class=\"bde-fancy-divider-672-125 bde-fancy-divider\">\n\n\n<div class=\"bde-fancy-divider__wrapper\">\n  <div class=\"bde-fancy-divider__separator   \">\n  \t  <\/div>\n<\/div>\n\n<\/div>\n<\/div><div class=\"bde-div-672-134 bde-div\" data-entrance=\"slideRight\">\n  \n\t\n\n\n\n<div class=\"bde-rich-text-672-126 bde-rich-text breakdance-rich-text-styles\">\n<p>Altura libre: 11.9 m\u00b2.<\/p>\n<\/div><div class=\"bde-fancy-divider-672-127 bde-fancy-divider\">\n\n\n<div class=\"bde-fancy-divider__wrapper\">\n  <div class=\"bde-fancy-divider__separator   \">\n  \t  <\/div>\n<\/div>\n\n<\/div>\n<\/div><div class=\"bde-div-672-135 bde-div\" data-entrance=\"slideRight\">\n  \n\t\n\n\n\n<div class=\"bde-rich-text-672-128 bde-rich-text breakdance-rich-text-styles\">\n<p>Altura al hombro: 14 m\u00b2.<\/p>\n<\/div><div class=\"bde-fancy-divider-672-129 bde-fancy-divider\">\n\n\n<div class=\"bde-fancy-divider__wrapper\">\n  <div class=\"bde-fancy-divider__separator   \">\n  \t  <\/div>\n<\/div>\n\n<\/div>\n<\/div><div class=\"bde-div-672-136 bde-div\" data-entrance=\"slideRight\">\n  \n\t\n\n\n\n<div class=\"bde-rich-text-672-137 bde-rich-text breakdance-rich-text-styles\">\n<p>Lugar: Lima.<\/p>\n<\/div><div class=\"bde-fancy-divider-672-138 bde-fancy-divider\">\n\n\n<div class=\"bde-fancy-divider__wrapper\">\n  <div class=\"bde-fancy-divider__separator   \">\n  \t  <\/div>\n<\/div>\n\n<\/div>\n<\/div>\n<\/div>\n<\/div><\/div><\/div>\n<\/section><\/div>","protected":false},"excerpt":{"rendered":"<p>Almac\u00e9n log\u00edstico \/ Alicorp &#8211; Peruve Almac\u00e9n Log\u00edstico\u00a0 ALICORP &#8211; PERUVE Contrataci\u00f3n EPCM. Almac\u00e9n met\u00e1lico 100% empernable. \u00c1rea de terreno: 38mil m\u00b2. \u00c1rea techada: 24mil m\u00b2. Altura libre: 11.9 m\u00b2. Altura al hombro: 14 m\u00b2. Lugar: Lima.<\/p>\n","protected":false},"author":1,"featured_media":0,"parent":0,"menu_order":0,"comment_status":"closed","ping_status":"closed","template":"","meta":{"_acf_changed":false,"_breakdance_hide_in_design_set":false,"_breakdance_tags":"","footnotes":""},"class_list":["post-672","page","type-page","status-publish","hentry"],"acf":[],"_links":{"self":[{"href":"https:\/\/hyrco.com\/index.php\/wp-json\/wp\/v2\/pages\/672","targetHints":{"allow":["GET"]}}],"collection":[{"href":"https:\/\/hyrco.com\/index.php\/wp-json\/wp\/v2\/pages"}],"about":[{"href":"https:\/\/hyrco.com\/index.php\/wp-json\/wp\/v2\/types\/page"}],"author":[{"embeddable":true,"href":"https:\/\/hyrco.com\/index.php\/wp-json\/wp\/v2\/users\/1"}],"replies":[{"embeddable":true,"href":"https:\/\/hyrco.com\/index.php\/wp-json\/wp\/v2\/comments?post=672"}],"version-history":[{"count":11,"href":"https:\/\/hyrco.com\/index.php\/wp-json\/wp\/v2\/pages\/672\/revisions"}],"predecessor-version":[{"id":1410,"href":"https:\/\/hyrco.com\/index.php\/wp-json\/wp\/v2\/pages\/672\/revisions\/1410"}],"wp:attachment":[{"href":"https:\/\/hyrco.com\/index.php\/wp-json\/wp\/v2\/media?parent=672"}],"curies":[{"name":"wp","href":"https:\/\/api.w.org\/{rel}","templated":true}]}}