{"id":439,"date":"2025-05-19T16:37:39","date_gmt":"2025-05-19T21:37:39","guid":{"rendered":"https:\/\/hyrco.com\/?page_id=439"},"modified":"2025-09-24T10:49:16","modified_gmt":"2025-09-24T15:49:16","slug":"conoce-un-poco-de-nosotros","status":"publish","type":"page","link":"https:\/\/hyrco.com\/index.php\/conoce-un-poco-de-nosotros\/","title":{"rendered":"Conoce un poco de nosotros"},"content":{"rendered":"<div class='breakdance'><section class=\"bde-section-439-100 bde-section\">\n  \n\t\n\n\n\n<div class=\"section-container\"><h1 class=\"bde-heading-439-101 bde-heading\" data-entrance=\"slideRight\">\nConoce un poco de nosotros\n<\/h1><\/div>\n<\/section><section class=\"bde-section-439-102 bde-section\">\n  \n\t\n\n\n\n<div class=\"section-container\"><div class=\"bde-columns-439-103 bde-columns\"><div class=\"bde-column-439-104 bde-column\">\n  \n\t\n\n\n\n<div class=\"bde-video-439-152 bde-video\" data-entrance=\"slideLeft\">\n<div class=\"ee-video-container\">\n                                                                        \n                <lite-youtube\n                        videoid=\"YYLeXiOVAL0\"\n                                                style=\"background-image: url(https:\/\/i.ytimg.com\/vi\/YYLeXiOVAL0\/maxresdefault.jpg); \"\n                        class=\"ee-video\"\n                        title=\"\"\n                        params=\"&playsinline=0&rel=0&enablejsapi=1\"\n                >\n                <\/lite-youtube>\n                    \n        \n            \n    <\/div>\n\n<\/div>\n<\/div><div class=\"bde-column-439-106 bde-column\">\n  \n\t\n\n\n\n<div class=\"bde-div-439-107 bde-div\">\n  \n\t\n\n\n\n<div class=\"bde-rich-text-439-108 bde-rich-text breakdance-rich-text-styles\" data-entrance=\"slideRight\">\n<p>HISTORIA<\/p>\n<\/div><div class=\"bde-rich-text-439-109 bde-rich-text breakdance-rich-text-styles\" data-entrance=\"slideLeft\">\n<p>HYRCO fue fundada hace m\u00e1s de 14 a\u00f1os para atender proyectos de construcci\u00f3n. Durante este tiempo hemos llevado a cabo una amplia variedad de proyectos gracias a la reiterada confianza de nuestros clientes.<\/p>\n<p>Hoy HYRCO es una marca comercial parte de REMSAC, una compa\u00f1\u00eda con m\u00e1s de 27 a\u00f1os de trayectoria en el mercado de suministros industriales. Esta alianza estrat\u00e9gica nos permite continuar ofreciendo el mejor servicio a nuestros clientes, reforzando nuestro compromiso con la excelencia y la atenci\u00f3n meticulosa al detalle que nos caracteriza.<\/p>\n<\/div>\n<\/div>\n<\/div><\/div><\/div>\n<\/section><section class=\"bde-section-439-153 bde-section\">\n  \n\t\n\n\n\n<div class=\"section-container\"><div class=\"bde-columns-439-154 bde-columns\"><div class=\"bde-column-439-157 bde-column\">\n  \n\t\n\n\n\n<div class=\"bde-div-439-158 bde-div\">\n  \n\t\n\n\n\n<div class=\"bde-rich-text-439-159 bde-rich-text breakdance-rich-text-styles\" data-entrance=\"slideRight\">\n<p>Conoce un poco m\u00e1s de Nosotros<\/p>\n<\/div><div class=\"bde-rich-text-439-160 bde-rich-text breakdance-rich-text-styles\" data-entrance=\"slideLeft\">\n<p>Nuestros valores nos gu\u00edan cada d\u00eda para trabajar con compromiso y cercan\u00eda. Nuestro objetivo es comprender lo que nuestros clientes necesitan y aplicar nuestra experiencia para llevar a cabo proyectos bien hechos y exitosos.<\/p>\n<\/div>\n<\/div>\n<\/div><div class=\"bde-column-439-155 bde-column\">\n  \n\t\n\n\n\n<div class=\"bde-image-439-162 bde-image\" data-entrance=\"slideRight\">\n  \n\n\n\n\n\n<figure class=\"breakdance-image breakdance-image--460\">\n\t<div class=\"breakdance-image-container\">\n\t\t<div class=\"breakdance-image-clip\">\n\t\t\t\n\t\t\t\t\n\t\t\t\t\t      \n  \n  \n  \n  \n      \n      <img loading=\"lazy\" decoding=\"async\"\n      class=\"breakdance-image-object\"\n      src=\"https:\/\/hyrco.com\/wp-content\/uploads\/2025\/05\/hyrco-imgGrid.png\"\n      width=\"531\"\n      height=\"284\"\n      \n      \n                                    srcset=\"https:\/\/hyrco.com\/wp-content\/uploads\/2025\/05\/hyrco-imgGrid.png 531w, https:\/\/hyrco.com\/wp-content\/uploads\/2025\/05\/hyrco-imgGrid-300x160.png 300w\"\n                                                                      >\n  \n\n\t\t\t\t\t\n\t\t\t\t\t\t<\/div>\n\t<\/div>\n\n\t<\/figure>\n\n<\/div>\n<\/div><\/div><\/div>\n<\/section><section class=\"bde-section-439-236 bde-section seccionPacking\">\n  \n\t\n\n\n\n<div class=\"section-container\"><div class=\"bde-columns-439-237 bde-columns\"><div class=\"bde-column-439-238 bde-column\">\n  \n\t\n\n\n\n<div class=\"bde-div-439-239 bde-div packing-agricola-texto\" data-entrance=\"slideLeft\">\n  \n\t\n\n\n\n<div class=\"bde-rich-text-439-240 bde-rich-text breakdance-rich-text-styles\">\n<p>Packing Agr\u00edcola \/ Puentes \/ Plantas de agua \/ Centro\u00a0de\u00a0distri...<\/p>\n<\/div>\n<\/div>\n<\/div><div class=\"bde-column-439-241 bde-column\">\n  \n\t\n\n\n\n<div class=\"bde-div-439-242 bde-div\" data-entrance=\"slideRight\">\n  \n\t\n\n\n\n<div class=\"bde-rich-text-439-243 bde-rich-text breakdance-rich-text-styles\">\n<p>+ 250,000 M\u00b2<\/p>\n<\/div><div class=\"bde-rich-text-439-244 bde-rich-text breakdance-rich-text-styles\">\n<p>Techados.<\/p>\n<\/div>\n<\/div>\n<\/div><\/div><\/div>\n<\/section><section class=\"bde-section-439-245 bde-section\">\n  \n\t\n\n\n\n<div class=\"section-container\"><div class=\"bde-columns-439-246 bde-columns\"><div class=\"bde-column-439-247 bde-column\" data-entrance=\"zoomOut\">\n  \n\t\n\n\n\n<div class=\"bde-gallery-439-248 bde-gallery\">\n\n\n\n\n\n\n\n\n\n\n\n\n\n<div class=\"ee-gallery ee-gallery--isotope ee-gallery--masonry ee-gallery-- ee-gallery--lightbox ee-gallery-- ee-gallery--caption- ee-gallery--caption-none ee-gallery--ratio\">\n                  \n      <a class=\"ee-gallery-item ee-gallery-item--image ee-gallery-item--single\" href=\"https:\/\/hyrco.com\/wp-content\/uploads\/2025\/06\/hyrco-agricultura-packing001.webp\"  data-sub-html=\"\" data-category=\"1\"                  data-lg-size=\"1000-463\"\n\n      >\n        <figure class=\"ee-gallery-item-figure\">\n                                    \n  \n  \n  \n  \n      \n      <img loading=\"lazy\" decoding=\"async\"\n      class=\"breakdance-image-object\"\n      src=\"https:\/\/hyrco.com\/wp-content\/uploads\/2025\/06\/hyrco-agricultura-packing001.webp\"\n      width=\"1000\"\n      height=\"463\"\n      \n      \n                                    srcset=\"https:\/\/hyrco.com\/wp-content\/uploads\/2025\/06\/hyrco-agricultura-packing001.webp 1000w, https:\/\/hyrco.com\/wp-content\/uploads\/2025\/06\/hyrco-agricultura-packing001-300x139.webp 300w, https:\/\/hyrco.com\/wp-content\/uploads\/2025\/06\/hyrco-agricultura-packing001-768x356.webp 768w\"\n                                                                      >\n  \n  \n          \n                  <\/figure>\n      <\/a>\n\n        \n      <div class=\"ee-gallery-gutter\"><\/div>\n  <\/div>\n\n\n\n<\/div>\n<\/div><div class=\"bde-column-439-249 bde-column\" data-entrance=\"zoomOut\">\n  \n\t\n\n\n\n<div class=\"bde-gallery-439-250 bde-gallery\">\n\n\n\n\n\n\n\n\n\n\n\n\n\n<div class=\"ee-gallery ee-gallery--isotope ee-gallery--masonry ee-gallery-- ee-gallery--lightbox ee-gallery-- ee-gallery--caption- ee-gallery--caption-none ee-gallery--ratio\">\n                  \n      <a class=\"ee-gallery-item ee-gallery-item--image ee-gallery-item--single\" href=\"https:\/\/hyrco.com\/wp-content\/uploads\/2025\/05\/hyrco-packing-agricola1-pag-nosotros.webp\"  data-sub-html=\"\" data-category=\"1\"                  data-lg-size=\"746-1000\"\n\n      >\n        <figure class=\"ee-gallery-item-figure\">\n                                    \n  \n  \n  \n  \n      \n      <img loading=\"lazy\" decoding=\"async\"\n      class=\"breakdance-image-object\"\n      src=\"https:\/\/hyrco.com\/wp-content\/uploads\/2025\/05\/hyrco-packing-agricola1-pag-nosotros.webp\"\n      width=\"746\"\n      height=\"1000\"\n      \n      \n                                    srcset=\"https:\/\/hyrco.com\/wp-content\/uploads\/2025\/05\/hyrco-packing-agricola1-pag-nosotros.webp 746w, https:\/\/hyrco.com\/wp-content\/uploads\/2025\/05\/hyrco-packing-agricola1-pag-nosotros-224x300.webp 224w\"\n                                                                      >\n  \n  \n          \n                  <\/figure>\n      <\/a>\n\n        \n      <div class=\"ee-gallery-gutter\"><\/div>\n  <\/div>\n\n\n\n<\/div>\n<\/div><\/div><\/div>\n<\/section><section class=\"bde-section-439-251 bde-section\">\n  \n\t\n\n\n\n<div class=\"section-container\"><div class=\"bde-columns-439-252 bde-columns\"><div class=\"bde-column-439-253 bde-column\">\n  \n\t\n\n\n\n<div class=\"bde-div-439-254 bde-div\" data-entrance=\"zoomIn\">\n  \n\t\n\n\n\n<div class=\"bde-button-439-255 bde-button\">\n    \n                                    \n    \n    \n    \n    \n            \n                    \n            \n            \n\n    \n    \n    \n    \n    <a class=\"breakdance-link button-atom button-atom--custom bde-button__button\" href=\"https:\/\/hyrco.com\/index.php\/formulario-de-contacto\/\" target=\"_self\" data-type=\"url\"  >\n\n    \n        <span class=\"button-atom__text\">Formulario de Contacto<\/span>\n\n        \n        \n                <\/a>\n\n    \n\n\n<\/div>\n<\/div>\n<\/div><div class=\"bde-column-439-256 bde-column\">\n  \n\t\n\n\n\n<div class=\"bde-div-439-257 bde-div\" data-entrance=\"slideRight\">\n  \n\t\n\n\n\n<div class=\"bde-rich-text-439-258 bde-rich-text breakdance-rich-text-styles\">\n<p>+ 150<\/p>\n<\/div><div class=\"bde-rich-text-439-259 bde-rich-text breakdance-rich-text-styles\">\n<div>Proyectos construidos.<\/div>\n<\/div>\n<\/div>\n<\/div><\/div><\/div>\n<\/section><section class=\"bde-section-439-187 bde-section\">\n  \n\t\n\n\n\n<div class=\"section-container\"><div class=\"bde-div-439-188 bde-div\">\n  \n\t\n\n\n\n<div class=\"bde-div-439-191 bde-div\" data-entrance=\"slideRight\">\n  \n\t\n\n\n\n<div class=\"bde-rich-text-439-192 bde-rich-text breakdance-rich-text-styles\">\n<div>Personal Especializado<\/div>\n<\/div>\n<\/div>\n<\/div><div class=\"bde-gallery-439-235 bde-gallery\" data-entrance=\"slideLeft\">\n\n\n  \n\n\n\n\n\n\n\n\n\n\n<div class=\"ee-gallery ee-gallery--default ee-gallery--grid ee-gallery-- ee-gallery--lightbox ee-gallery-- ee-gallery--caption- ee-gallery--caption-none ee-gallery--ratio\">\n                  \n      <a class=\"ee-gallery-item ee-gallery-item--image ee-gallery-item--single\" href=\"https:\/\/hyrco.com\/wp-content\/uploads\/2025\/06\/hyrco-equipo02.webp\"  data-sub-html=\"\" data-category=\"1\"                  data-lg-size=\"1171-814\"\n\n      >\n        <figure class=\"ee-gallery-item-figure\">\n                                    \n  \n  \n  \n  \n      \n      <img loading=\"lazy\" decoding=\"async\"\n      class=\"breakdance-image-object\"\n      src=\"https:\/\/hyrco.com\/wp-content\/uploads\/2025\/06\/hyrco-equipo02-1024x712.webp\"\n      width=\"1024\"\n      height=\"712\"\n      \n      \n                                    srcset=\"https:\/\/hyrco.com\/wp-content\/uploads\/2025\/06\/hyrco-equipo02.webp 1171w, https:\/\/hyrco.com\/wp-content\/uploads\/2025\/06\/hyrco-equipo02-300x209.webp 300w, https:\/\/hyrco.com\/wp-content\/uploads\/2025\/06\/hyrco-equipo02-1024x712.webp 1024w, https:\/\/hyrco.com\/wp-content\/uploads\/2025\/06\/hyrco-equipo02-768x534.webp 768w\"\n                                                                      >\n  \n  \n          \n                  <\/figure>\n      <\/a>\n\n                \n      <a class=\"ee-gallery-item ee-gallery-item--image ee-gallery-item--single\" href=\"https:\/\/hyrco.com\/wp-content\/uploads\/2025\/05\/hyrco-pag-nosotros-galeria1.webp\"  data-sub-html=\"\" data-category=\"1\"                  data-lg-size=\"1000-814\"\n\n      >\n        <figure class=\"ee-gallery-item-figure\">\n                                    \n  \n  \n  \n  \n      \n      <img loading=\"lazy\" decoding=\"async\"\n      class=\"breakdance-image-object\"\n      src=\"https:\/\/hyrco.com\/wp-content\/uploads\/2025\/05\/hyrco-pag-nosotros-galeria1.webp\"\n      width=\"1000\"\n      height=\"814\"\n      \n      \n                                    srcset=\"https:\/\/hyrco.com\/wp-content\/uploads\/2025\/05\/hyrco-pag-nosotros-galeria1.webp 1000w, https:\/\/hyrco.com\/wp-content\/uploads\/2025\/05\/hyrco-pag-nosotros-galeria1-300x244.webp 300w, https:\/\/hyrco.com\/wp-content\/uploads\/2025\/05\/hyrco-pag-nosotros-galeria1-768x625.webp 768w\"\n                                                                      >\n  \n  \n          \n                  <\/figure>\n      <\/a>\n\n                \n      <a class=\"ee-gallery-item ee-gallery-item--image ee-gallery-item--single\" href=\"https:\/\/hyrco.com\/wp-content\/uploads\/2025\/05\/hyrco-pag-nosotros-galeria2.webp\"  data-sub-html=\"\" data-category=\"1\"                  data-lg-size=\"1000-814\"\n\n      >\n        <figure class=\"ee-gallery-item-figure\">\n                                    \n  \n  \n  \n  \n      \n      <img loading=\"lazy\" decoding=\"async\"\n      class=\"breakdance-image-object\"\n      src=\"https:\/\/hyrco.com\/wp-content\/uploads\/2025\/05\/hyrco-pag-nosotros-galeria2.webp\"\n      width=\"1000\"\n      height=\"814\"\n      \n      \n                                    srcset=\"https:\/\/hyrco.com\/wp-content\/uploads\/2025\/05\/hyrco-pag-nosotros-galeria2.webp 1000w, https:\/\/hyrco.com\/wp-content\/uploads\/2025\/05\/hyrco-pag-nosotros-galeria2-300x244.webp 300w, https:\/\/hyrco.com\/wp-content\/uploads\/2025\/05\/hyrco-pag-nosotros-galeria2-768x625.webp 768w\"\n                                                                      >\n  \n  \n          \n                  <\/figure>\n      <\/a>\n\n                \n      <a class=\"ee-gallery-item ee-gallery-item--image ee-gallery-item--single\" href=\"https:\/\/hyrco.com\/wp-content\/uploads\/2025\/05\/hyrco_proyectos06.webp\"  data-sub-html=\"\" data-category=\"1\"                  data-lg-size=\"1000-814\"\n\n      >\n        <figure class=\"ee-gallery-item-figure\">\n                                    \n  \n  \n  \n  \n      \n      <img loading=\"lazy\" decoding=\"async\"\n      class=\"breakdance-image-object\"\n      src=\"https:\/\/hyrco.com\/wp-content\/uploads\/2025\/05\/hyrco_proyectos06.webp\"\n      width=\"1000\"\n      height=\"814\"\n      \n      \n                                    srcset=\"https:\/\/hyrco.com\/wp-content\/uploads\/2025\/05\/hyrco_proyectos06.webp 1000w, https:\/\/hyrco.com\/wp-content\/uploads\/2025\/05\/hyrco_proyectos06-300x244.webp 300w, https:\/\/hyrco.com\/wp-content\/uploads\/2025\/05\/hyrco_proyectos06-768x625.webp 768w\"\n                                                                      >\n  \n  \n          \n                  <\/figure>\n      <\/a>\n\n                \n      <a class=\"ee-gallery-item ee-gallery-item--image ee-gallery-item--single\" href=\"https:\/\/hyrco.com\/wp-content\/uploads\/2025\/06\/hyrco-equipo03.webp\"  data-sub-html=\"\" data-category=\"1\"                  data-lg-size=\"647-386\"\n\n      >\n        <figure class=\"ee-gallery-item-figure\">\n                                    \n  \n  \n  \n  \n      \n      <img loading=\"lazy\" decoding=\"async\"\n      class=\"breakdance-image-object\"\n      src=\"https:\/\/hyrco.com\/wp-content\/uploads\/2025\/06\/hyrco-equipo03.webp\"\n      width=\"647\"\n      height=\"386\"\n      \n      \n                                    srcset=\"https:\/\/hyrco.com\/wp-content\/uploads\/2025\/06\/hyrco-equipo03.webp 647w, https:\/\/hyrco.com\/wp-content\/uploads\/2025\/06\/hyrco-equipo03-300x179.webp 300w\"\n                                                                      >\n  \n  \n          \n                  <\/figure>\n      <\/a>\n\n                \n      <a class=\"ee-gallery-item ee-gallery-item--image ee-gallery-item--single\" href=\"https:\/\/hyrco.com\/wp-content\/uploads\/2025\/05\/hyrco_proyectos06.webp\"  data-sub-html=\"\" data-category=\"1\"                  data-lg-size=\"1000-814\"\n\n      >\n        <figure class=\"ee-gallery-item-figure\">\n                                    \n  \n  \n  \n  \n      \n      <img loading=\"lazy\" decoding=\"async\"\n      class=\"breakdance-image-object\"\n      src=\"https:\/\/hyrco.com\/wp-content\/uploads\/2025\/05\/hyrco_proyectos06.webp\"\n      width=\"1000\"\n      height=\"814\"\n      \n      \n                                    srcset=\"https:\/\/hyrco.com\/wp-content\/uploads\/2025\/05\/hyrco_proyectos06.webp 1000w, https:\/\/hyrco.com\/wp-content\/uploads\/2025\/05\/hyrco_proyectos06-300x244.webp 300w, https:\/\/hyrco.com\/wp-content\/uploads\/2025\/05\/hyrco_proyectos06-768x625.webp 768w\"\n                                                                      >\n  \n  \n          \n                  <\/figure>\n      <\/a>\n\n        \n  <\/div>\n\n\n\n<\/div><\/div>\n<\/section><\/div>","protected":false},"excerpt":{"rendered":"<p>Conoce un poco de nosotros HISTORIA HYRCO fue fundada hace m\u00e1s de 14 a\u00f1os para atender proyectos de construcci\u00f3n. Durante este tiempo hemos llevado a cabo una amplia variedad de proyectos gracias a la reiterada confianza de nuestros clientes. Hoy HYRCO es una marca comercial parte de REMSAC, una compa\u00f1\u00eda con m\u00e1s de 27 a\u00f1os [&hellip;]<\/p>\n","protected":false},"author":1,"featured_media":0,"parent":0,"menu_order":0,"comment_status":"closed","ping_status":"closed","template":"","meta":{"_acf_changed":false,"_breakdance_hide_in_design_set":false,"_breakdance_tags":"","footnotes":""},"class_list":["post-439","page","type-page","status-publish","hentry"],"acf":[],"_links":{"self":[{"href":"https:\/\/hyrco.com\/index.php\/wp-json\/wp\/v2\/pages\/439","targetHints":{"allow":["GET"]}}],"collection":[{"href":"https:\/\/hyrco.com\/index.php\/wp-json\/wp\/v2\/pages"}],"about":[{"href":"https:\/\/hyrco.com\/index.php\/wp-json\/wp\/v2\/types\/page"}],"author":[{"embeddable":true,"href":"https:\/\/hyrco.com\/index.php\/wp-json\/wp\/v2\/users\/1"}],"replies":[{"embeddable":true,"href":"https:\/\/hyrco.com\/index.php\/wp-json\/wp\/v2\/comments?post=439"}],"version-history":[{"count":29,"href":"https:\/\/hyrco.com\/index.php\/wp-json\/wp\/v2\/pages\/439\/revisions"}],"predecessor-version":[{"id":1243,"href":"https:\/\/hyrco.com\/index.php\/wp-json\/wp\/v2\/pages\/439\/revisions\/1243"}],"wp:attachment":[{"href":"https:\/\/hyrco.com\/index.php\/wp-json\/wp\/v2\/media?parent=439"}],"curies":[{"name":"wp","href":"https:\/\/api.w.org\/{rel}","templated":true}]}}