{"id":426,"date":"2025-05-19T11:41:39","date_gmt":"2025-05-19T16:41:39","guid":{"rendered":"https:\/\/hyrco.com\/?page_id=426"},"modified":"2025-09-24T10:46:29","modified_gmt":"2025-09-24T15:46:29","slug":"proyecto-latam-logistics","status":"publish","type":"page","link":"https:\/\/hyrco.com\/index.php\/proyecto-latam-logistics\/","title":{"rendered":"Almac\u00e9n LATAM Logistics"},"content":{"rendered":"<div class='breakdance'><section class=\"bde-section-426-100 bde-section\">\n  \n\t\n\n\n\n<div class=\"section-container\"><h1 class=\"bde-heading-426-101 bde-heading\" data-entrance=\"slideLeft\">\nAlmac\u00e9n LATAM Logistics\n<\/h1><\/div>\n<\/section><section class=\"bde-section-426-102 bde-section\">\n  \n\t\n\n\n\n<div class=\"section-container\"><div class=\"bde-gallery-426-103 bde-gallery\" data-entrance=\"slideUp\">\n\n\n  \n\n\n\n  \n\n\n\n\n\n\n<div class=\"ee-gallery ee-gallery--default ee-gallery--grid ee-gallery-- ee-gallery--lightbox ee-gallery--zoom-in ee-gallery--caption- ee-gallery--caption-fade ee-gallery--ratio\">\n                  \n      <a class=\"ee-gallery-item ee-gallery-item--image ee-gallery-item--single\" href=\"https:\/\/hyrco.com\/wp-content\/uploads\/2025\/08\/hyrco-img5-pagina-internas-proyecto-Almacen-latam-logistics-1000x593-1.webp\"  data-sub-html=\"\" data-category=\"1\"                  data-lg-size=\"1000-593\"\n\n      >\n        <figure class=\"ee-gallery-item-figure\">\n                                    \n  \n  \n  \n  \n      \n      <img loading=\"lazy\" decoding=\"async\"\n      class=\"breakdance-image-object\"\n      src=\"https:\/\/hyrco.com\/wp-content\/uploads\/2025\/08\/hyrco-img5-pagina-internas-proyecto-Almacen-latam-logistics-1000x593-1.webp\"\n      width=\"1000\"\n      height=\"593\"\n      \n      \n                                    srcset=\"https:\/\/hyrco.com\/wp-content\/uploads\/2025\/08\/hyrco-img5-pagina-internas-proyecto-Almacen-latam-logistics-1000x593-1.webp 1000w, https:\/\/hyrco.com\/wp-content\/uploads\/2025\/08\/hyrco-img5-pagina-internas-proyecto-Almacen-latam-logistics-1000x593-1-300x178.webp 300w, https:\/\/hyrco.com\/wp-content\/uploads\/2025\/08\/hyrco-img5-pagina-internas-proyecto-Almacen-latam-logistics-1000x593-1-768x455.webp 768w\"\n                                                                      >\n  \n  \n          \n                  <\/figure>\n      <\/a>\n\n                \n      <a class=\"ee-gallery-item ee-gallery-item--image ee-gallery-item--single\" href=\"https:\/\/hyrco.com\/wp-content\/uploads\/2025\/08\/hyrco-img6-pagina-internas-proyecto-Almacen-latam-logistics-1000x593-1.webp\"  data-sub-html=\"\" data-category=\"1\"                  data-lg-size=\"1000-593\"\n\n      >\n        <figure class=\"ee-gallery-item-figure\">\n                                    \n  \n  \n  \n  \n      \n      <img loading=\"lazy\" decoding=\"async\"\n      class=\"breakdance-image-object\"\n      src=\"https:\/\/hyrco.com\/wp-content\/uploads\/2025\/08\/hyrco-img6-pagina-internas-proyecto-Almacen-latam-logistics-1000x593-1.webp\"\n      width=\"1000\"\n      height=\"593\"\n      \n      \n                                    srcset=\"https:\/\/hyrco.com\/wp-content\/uploads\/2025\/08\/hyrco-img6-pagina-internas-proyecto-Almacen-latam-logistics-1000x593-1.webp 1000w, https:\/\/hyrco.com\/wp-content\/uploads\/2025\/08\/hyrco-img6-pagina-internas-proyecto-Almacen-latam-logistics-1000x593-1-300x178.webp 300w, https:\/\/hyrco.com\/wp-content\/uploads\/2025\/08\/hyrco-img6-pagina-internas-proyecto-Almacen-latam-logistics-1000x593-1-768x455.webp 768w\"\n                                                                      >\n  \n  \n          \n                  <\/figure>\n      <\/a>\n\n                \n      <a class=\"ee-gallery-item ee-gallery-item--image ee-gallery-item--single\" href=\"https:\/\/hyrco.com\/wp-content\/uploads\/2025\/08\/hyrco-img4-pagina-internas-proyecto-Almacen-latam-logistics-1000x593-1.webp\"  data-sub-html=\"\" data-category=\"1\"                  data-lg-size=\"1000-593\"\n\n      >\n        <figure class=\"ee-gallery-item-figure\">\n                                    \n  \n  \n  \n  \n      \n      <img loading=\"lazy\" decoding=\"async\"\n      class=\"breakdance-image-object\"\n      src=\"https:\/\/hyrco.com\/wp-content\/uploads\/2025\/08\/hyrco-img4-pagina-internas-proyecto-Almacen-latam-logistics-1000x593-1.webp\"\n      width=\"1000\"\n      height=\"593\"\n      \n      \n                                    srcset=\"https:\/\/hyrco.com\/wp-content\/uploads\/2025\/08\/hyrco-img4-pagina-internas-proyecto-Almacen-latam-logistics-1000x593-1.webp 1000w, https:\/\/hyrco.com\/wp-content\/uploads\/2025\/08\/hyrco-img4-pagina-internas-proyecto-Almacen-latam-logistics-1000x593-1-300x178.webp 300w, https:\/\/hyrco.com\/wp-content\/uploads\/2025\/08\/hyrco-img4-pagina-internas-proyecto-Almacen-latam-logistics-1000x593-1-768x455.webp 768w\"\n                                                                      >\n  \n  \n          \n                  <\/figure>\n      <\/a>\n\n        \n  <\/div>\n\n\n\n<\/div><\/div>\n<\/section><section class=\"bde-section-426-104 bde-section\">\n  \n\t\n\n\n\n<div class=\"section-container\"><div class=\"bde-columns-426-105 bde-columns\"><div class=\"bde-column-426-106 bde-column\">\n  \n\t\n\n\n\n<div class=\"bde-div-426-110 bde-div\" data-entrance=\"zoomIn\">\n  \n\t\n\n\n\n<div class=\"bde-image-426-111 bde-image\">\n  \n\n\n\n\n\n<figure class=\"breakdance-image breakdance-image--204\">\n\t<div class=\"breakdance-image-container\">\n\t\t<div class=\"breakdance-image-clip\">\n\t\t\t\n\t\t\t\t\n\t\t\t\t\t      \n  \n  \n  \n  \n      \n      <img loading=\"lazy\" decoding=\"async\"\n      class=\"breakdance-image-object\"\n      src=\"https:\/\/hyrco.com\/wp-content\/uploads\/2025\/05\/hyrco-Latam-LogisticProperties-270x116-1.webp\"\n      width=\"270\"\n      height=\"116\"\n      \n      \n                                                                  >\n  \n\n\t\t\t\t\t\n\t\t\t\t\t\t<\/div>\n\t<\/div>\n\n\t<\/figure>\n\n<\/div>\n<\/div><div class=\"bde-div-426-114 bde-div\" data-entrance=\"slideLeft\">\n  \n\t\n\n\n\n<div class=\"bde-rich-text-426-112 bde-rich-text breakdance-rich-text-styles\">\n<p>Almac\u00e9n<\/p>\n<\/div><div class=\"bde-rich-text-426-113 bde-rich-text breakdance-rich-text-styles\">\n<p>LATAM Logistics<\/p>\n<\/div>\n<\/div>\n<\/div><div class=\"bde-column-426-107 bde-column\">\n  \n\t\n\n\n\n<div class=\"bde-div-426-115 bde-div\">\n  \n\t\n\n\n\n<div class=\"bde-div-426-130 bde-div\" data-entrance=\"slideRight\">\n  \n\t\n\n\n\n<div class=\"bde-rich-text-426-119 bde-rich-text breakdance-rich-text-styles\">\n<p>Contrataci\u00f3n EPC.<\/p>\n<\/div><div class=\"bde-fancy-divider-426-117 bde-fancy-divider\">\n\n\n<div class=\"bde-fancy-divider__wrapper\">\n  <div class=\"bde-fancy-divider__separator   \">\n  \t  <\/div>\n<\/div>\n\n<\/div>\n<\/div><div class=\"bde-div-426-131 bde-div\" data-entrance=\"slideRight\">\n  \n\t\n\n\n\n<div class=\"bde-rich-text-426-120 bde-rich-text breakdance-rich-text-styles\">\n<p>Almac\u00e9n met\u00e1lico 100% empernable y cobertura engargolada.<\/p>\n<\/div><div class=\"bde-fancy-divider-426-121 bde-fancy-divider\">\n\n\n<div class=\"bde-fancy-divider__wrapper\">\n  <div class=\"bde-fancy-divider__separator   \">\n  \t  <\/div>\n<\/div>\n\n<\/div>\n<\/div><div class=\"bde-div-426-132 bde-div\" data-entrance=\"slideRight\">\n  \n\t\n\n\n\n<div class=\"bde-rich-text-426-122 bde-rich-text breakdance-rich-text-styles\">\n<p>\u00c1rea techada: 31mil m\u00b2.<\/p>\n<\/div><div class=\"bde-fancy-divider-426-123 bde-fancy-divider\">\n\n\n<div class=\"bde-fancy-divider__wrapper\">\n  <div class=\"bde-fancy-divider__separator   \">\n  \t  <\/div>\n<\/div>\n\n<\/div>\n<\/div><div class=\"bde-div-426-133 bde-div\" data-entrance=\"slideRight\">\n  \n\t\n\n\n\n<div class=\"bde-rich-text-426-124 bde-rich-text breakdance-rich-text-styles\">\n<p>Altura libre: 11.9 m.<\/p>\n<\/div><div class=\"bde-fancy-divider-426-125 bde-fancy-divider\">\n\n\n<div class=\"bde-fancy-divider__wrapper\">\n  <div class=\"bde-fancy-divider__separator   \">\n  \t  <\/div>\n<\/div>\n\n<\/div>\n<\/div><div class=\"bde-div-426-134 bde-div\" data-entrance=\"slideRight\">\n  \n\t\n\n\n\n<div class=\"bde-rich-text-426-126 bde-rich-text breakdance-rich-text-styles\">\n<p>Luz: 22 m.<\/p>\n<\/div><div class=\"bde-fancy-divider-426-127 bde-fancy-divider\">\n\n\n<div class=\"bde-fancy-divider__wrapper\">\n  <div class=\"bde-fancy-divider__separator   \">\n  \t  <\/div>\n<\/div>\n\n<\/div>\n<\/div><div class=\"bde-div-426-136 bde-div\" data-entrance=\"slideRight\">\n  \n\t\n\n\n\n<div class=\"bde-rich-text-426-137 bde-rich-text breakdance-rich-text-styles\">\n<p>Lugar: Lur\u00edn.<\/p>\n<\/div><div class=\"bde-fancy-divider-426-138 bde-fancy-divider\">\n\n\n<div class=\"bde-fancy-divider__wrapper\">\n  <div class=\"bde-fancy-divider__separator   \">\n  \t  <\/div>\n<\/div>\n\n<\/div>\n<\/div>\n<\/div>\n<\/div><\/div><\/div>\n<\/section><\/div>","protected":false},"excerpt":{"rendered":"<p>Almac\u00e9n LATAM Logistics Almac\u00e9n LATAM Logistics Contrataci\u00f3n EPC. Almac\u00e9n met\u00e1lico 100% empernable y cobertura engargolada. \u00c1rea techada: 31mil m\u00b2. Altura libre: 11.9 m. Luz: 22 m. Lugar: Lur\u00edn.<\/p>\n","protected":false},"author":1,"featured_media":0,"parent":0,"menu_order":0,"comment_status":"closed","ping_status":"closed","template":"","meta":{"_acf_changed":false,"_breakdance_hide_in_design_set":false,"_breakdance_tags":"","footnotes":""},"class_list":["post-426","page","type-page","status-publish","hentry"],"acf":[],"_links":{"self":[{"href":"https:\/\/hyrco.com\/index.php\/wp-json\/wp\/v2\/pages\/426","targetHints":{"allow":["GET"]}}],"collection":[{"href":"https:\/\/hyrco.com\/index.php\/wp-json\/wp\/v2\/pages"}],"about":[{"href":"https:\/\/hyrco.com\/index.php\/wp-json\/wp\/v2\/types\/page"}],"author":[{"embeddable":true,"href":"https:\/\/hyrco.com\/index.php\/wp-json\/wp\/v2\/users\/1"}],"replies":[{"embeddable":true,"href":"https:\/\/hyrco.com\/index.php\/wp-json\/wp\/v2\/comments?post=426"}],"version-history":[{"count":33,"href":"https:\/\/hyrco.com\/index.php\/wp-json\/wp\/v2\/pages\/426\/revisions"}],"predecessor-version":[{"id":1420,"href":"https:\/\/hyrco.com\/index.php\/wp-json\/wp\/v2\/pages\/426\/revisions\/1420"}],"wp:attachment":[{"href":"https:\/\/hyrco.com\/index.php\/wp-json\/wp\/v2\/media?parent=426"}],"curies":[{"name":"wp","href":"https:\/\/api.w.org\/{rel}","templated":true}]}}