{"id":1366,"date":"2025-07-15T15:12:10","date_gmt":"2025-07-15T20:12:10","guid":{"rendered":"https:\/\/hyrco.com\/?page_id=1366"},"modified":"2025-09-24T10:52:33","modified_gmt":"2025-09-24T15:52:33","slug":"puentes","status":"publish","type":"page","link":"https:\/\/hyrco.com\/index.php\/puentes\/","title":{"rendered":"Puentes"},"content":{"rendered":"<div class='breakdance'><section class=\"bde-section-1366-100 bde-section\">\n  \n\t\n\n\n\n<div class=\"section-container\"><h1 class=\"bde-heading-1366-101 bde-heading\" data-entrance=\"slideLeft\">\nPuentes\n<\/h1><\/div>\n<\/section><section class=\"bde-section-1366-102 bde-section\">\n  \n\t\n\n\n\n<div class=\"section-container\"><div class=\"bde-gallery-1366-103 bde-gallery\" data-entrance=\"slideUp\">\n\n\n  \n\n\n\n  \n\n\n\n\n\n\n<div class=\"ee-gallery ee-gallery--default ee-gallery--grid ee-gallery-- ee-gallery--lightbox ee-gallery--zoom-in ee-gallery--caption- ee-gallery--caption-fade ee-gallery--ratio\">\n                  \n      <a class=\"ee-gallery-item ee-gallery-item--image ee-gallery-item--single\" href=\"https:\/\/hyrco.com\/wp-content\/uploads\/2025\/07\/hyrco-puentes-galeria01-1000x784-1.webp\"  data-sub-html=\"\" data-category=\"1\"                  data-lg-size=\"1000-784\"\n\n      >\n        <figure class=\"ee-gallery-item-figure\">\n                                    \n  \n  \n  \n  \n      \n      <img loading=\"lazy\" decoding=\"async\"\n      class=\"breakdance-image-object\"\n      src=\"https:\/\/hyrco.com\/wp-content\/uploads\/2025\/07\/hyrco-puentes-galeria01-1000x784-1.webp\"\n      width=\"1000\"\n      height=\"784\"\n      \n      \n                                    srcset=\"https:\/\/hyrco.com\/wp-content\/uploads\/2025\/07\/hyrco-puentes-galeria01-1000x784-1.webp 1000w, https:\/\/hyrco.com\/wp-content\/uploads\/2025\/07\/hyrco-puentes-galeria01-1000x784-1-300x235.webp 300w, https:\/\/hyrco.com\/wp-content\/uploads\/2025\/07\/hyrco-puentes-galeria01-1000x784-1-768x602.webp 768w\"\n                                                                      >\n  \n  \n          \n                  <\/figure>\n      <\/a>\n\n                \n      <a class=\"ee-gallery-item ee-gallery-item--image ee-gallery-item--single\" href=\"https:\/\/hyrco.com\/wp-content\/uploads\/2025\/08\/hyrco-proyectos-representativos-puente-chinchipe800x800.webp\"  data-sub-html=\"\" data-category=\"1\"                  data-lg-size=\"800-800\"\n\n      >\n        <figure class=\"ee-gallery-item-figure\">\n                                    \n  \n  \n  \n  \n      \n      <img loading=\"lazy\" decoding=\"async\"\n      class=\"breakdance-image-object\"\n      src=\"https:\/\/hyrco.com\/wp-content\/uploads\/2025\/08\/hyrco-proyectos-representativos-puente-chinchipe800x800.webp\"\n      width=\"800\"\n      height=\"800\"\n      \n      \n                                    srcset=\"https:\/\/hyrco.com\/wp-content\/uploads\/2025\/08\/hyrco-proyectos-representativos-puente-chinchipe800x800.webp 800w, https:\/\/hyrco.com\/wp-content\/uploads\/2025\/08\/hyrco-proyectos-representativos-puente-chinchipe800x800-300x300.webp 300w, https:\/\/hyrco.com\/wp-content\/uploads\/2025\/08\/hyrco-proyectos-representativos-puente-chinchipe800x800-150x150.webp 150w, https:\/\/hyrco.com\/wp-content\/uploads\/2025\/08\/hyrco-proyectos-representativos-puente-chinchipe800x800-768x768.webp 768w\"\n                                                                      >\n  \n  \n          \n                  <\/figure>\n      <\/a>\n\n                \n      <a class=\"ee-gallery-item ee-gallery-item--image ee-gallery-item--single\" href=\"https:\/\/hyrco.com\/wp-content\/uploads\/2025\/08\/hyrco-pagInterna-puente-pan-de-azucar-galeria3-1000x814-1.webp\"  data-sub-html=\"\" data-category=\"1\"                  data-lg-size=\"1000-814\"\n\n      >\n        <figure class=\"ee-gallery-item-figure\">\n                                    \n  \n  \n  \n  \n      \n      <img loading=\"lazy\" decoding=\"async\"\n      class=\"breakdance-image-object\"\n      src=\"https:\/\/hyrco.com\/wp-content\/uploads\/2025\/08\/hyrco-pagInterna-puente-pan-de-azucar-galeria3-1000x814-1.webp\"\n      width=\"1000\"\n      height=\"814\"\n      \n      \n                                    srcset=\"https:\/\/hyrco.com\/wp-content\/uploads\/2025\/08\/hyrco-pagInterna-puente-pan-de-azucar-galeria3-1000x814-1.webp 1000w, https:\/\/hyrco.com\/wp-content\/uploads\/2025\/08\/hyrco-pagInterna-puente-pan-de-azucar-galeria3-1000x814-1-300x244.webp 300w, https:\/\/hyrco.com\/wp-content\/uploads\/2025\/08\/hyrco-pagInterna-puente-pan-de-azucar-galeria3-1000x814-1-768x625.webp 768w\"\n                                                                      >\n  \n  \n          \n                  <\/figure>\n      <\/a>\n\n        \n  <\/div>\n\n\n\n<\/div><\/div>\n<\/section><section class=\"bde-section-1366-104 bde-section\">\n  \n\t\n\n\n\n<div class=\"section-container\"><div class=\"bde-columns-1366-105 bde-columns\"><div class=\"bde-column-1366-106 bde-column\">\n  \n\t\n\n\n\n<div class=\"bde-div-1366-107 bde-div\" data-entrance=\"zoomIn\">\n  \n\t\n\n\n\n<div class=\"bde-image-1366-108 bde-image\">\n  \n\n\n\n\n\n<figure class=\"breakdance-image breakdance-image--16\">\n\t<div class=\"breakdance-image-container\">\n\t\t<div class=\"breakdance-image-clip\">\n\t\t\t\n\t\t\t\t\n\t\t\t\t\t      \n  \n  \n  \n  \n      \n      <img decoding=\"async\"\n      class=\"breakdance-image-object\"\n      src=\"https:\/\/hyrco.com\/wp-content\/uploads\/2025\/04\/hyrco_logo01.svg\"\n      width=\"\"\n      height=\"\"\n      \n      \n                                      >\n  \n\n\t\t\t\t\t\n\t\t\t\t\t\t<\/div>\n\t<\/div>\n\n\t<\/figure>\n\n<\/div>\n<\/div><div class=\"bde-div-1366-109 bde-div\" data-entrance=\"slideLeft\">\n  \n\t\n\n\n\n<div class=\"bde-rich-text-1366-110 bde-rich-text breakdance-rich-text-styles\">\n<p>Puentes<\/p>\n<\/div>\n<\/div>\n<\/div><div class=\"bde-column-1366-111 bde-column\">\n  \n\t\n\n\n\n<div class=\"bde-div-1366-112 bde-div\">\n  \n\t\n\n\n\n<div class=\"bde-div-1366-113 bde-div\" data-entrance=\"slideRight\">\n  \n\t\n\n\n\n<div class=\"bde-rich-text-1366-114 bde-rich-text breakdance-rich-text-styles\">\n<p>A la espera de informaci\u00f3n.<\/p>\n<\/div><div class=\"bde-fancy-divider-1366-115 bde-fancy-divider\">\n\n\n<div class=\"bde-fancy-divider__wrapper\">\n  <div class=\"bde-fancy-divider__separator   \">\n  \t  <\/div>\n<\/div>\n\n<\/div>\n<\/div><div class=\"bde-div-1366-116 bde-div\" data-entrance=\"slideRight\">\n  \n\t\n\n\n\n<div class=\"bde-rich-text-1366-117 bde-rich-text breakdance-rich-text-styles\">\n<p>A la espera de informaci\u00f3n.<\/p>\n<\/div><div class=\"bde-fancy-divider-1366-118 bde-fancy-divider\">\n\n\n<div class=\"bde-fancy-divider__wrapper\">\n  <div class=\"bde-fancy-divider__separator   \">\n  \t  <\/div>\n<\/div>\n\n<\/div>\n<\/div><div class=\"bde-div-1366-119 bde-div\" data-entrance=\"slideRight\">\n  \n\t\n\n\n\n<div class=\"bde-rich-text-1366-120 bde-rich-text breakdance-rich-text-styles\">\n<p>A la espera de informaci\u00f3n.<\/p>\n<\/div><div class=\"bde-fancy-divider-1366-121 bde-fancy-divider\">\n\n\n<div class=\"bde-fancy-divider__wrapper\">\n  <div class=\"bde-fancy-divider__separator   \">\n  \t  <\/div>\n<\/div>\n\n<\/div>\n<\/div><div class=\"bde-div-1366-122 bde-div\" data-entrance=\"slideRight\">\n  \n\t\n\n\n\n<div class=\"bde-rich-text-1366-123 bde-rich-text breakdance-rich-text-styles\">\n<p>A la espera de informaci\u00f3n.<\/p>\n<\/div><div class=\"bde-fancy-divider-1366-124 bde-fancy-divider\">\n\n\n<div class=\"bde-fancy-divider__wrapper\">\n  <div class=\"bde-fancy-divider__separator   \">\n  \t  <\/div>\n<\/div>\n\n<\/div>\n<\/div>\n<\/div>\n<\/div><\/div><\/div>\n<\/section><\/div>","protected":false},"excerpt":{"rendered":"<p>Puentes Puentes A la espera de informaci\u00f3n. A la espera de informaci\u00f3n. A la espera de informaci\u00f3n. A la espera de informaci\u00f3n.<\/p>\n","protected":false},"author":1,"featured_media":0,"parent":0,"menu_order":0,"comment_status":"closed","ping_status":"closed","template":"","meta":{"_acf_changed":false,"_breakdance_hide_in_design_set":false,"_breakdance_tags":"","footnotes":""},"class_list":["post-1366","page","type-page","status-publish","hentry"],"acf":[],"_links":{"self":[{"href":"https:\/\/hyrco.com\/index.php\/wp-json\/wp\/v2\/pages\/1366","targetHints":{"allow":["GET"]}}],"collection":[{"href":"https:\/\/hyrco.com\/index.php\/wp-json\/wp\/v2\/pages"}],"about":[{"href":"https:\/\/hyrco.com\/index.php\/wp-json\/wp\/v2\/types\/page"}],"author":[{"embeddable":true,"href":"https:\/\/hyrco.com\/index.php\/wp-json\/wp\/v2\/users\/1"}],"replies":[{"embeddable":true,"href":"https:\/\/hyrco.com\/index.php\/wp-json\/wp\/v2\/comments?post=1366"}],"version-history":[{"count":4,"href":"https:\/\/hyrco.com\/index.php\/wp-json\/wp\/v2\/pages\/1366\/revisions"}],"predecessor-version":[{"id":1477,"href":"https:\/\/hyrco.com\/index.php\/wp-json\/wp\/v2\/pages\/1366\/revisions\/1477"}],"wp:attachment":[{"href":"https:\/\/hyrco.com\/index.php\/wp-json\/wp\/v2\/media?parent=1366"}],"curies":[{"name":"wp","href":"https:\/\/api.w.org\/{rel}","templated":true}]}}