{"id":1333,"date":"2025-07-15T13:48:29","date_gmt":"2025-07-15T18:48:29","guid":{"rendered":"https:\/\/hyrco.com\/?page_id=1333"},"modified":"2025-09-24T10:54:05","modified_gmt":"2025-09-24T15:54:05","slug":"tuberias-forzadas-varias","status":"publish","type":"page","link":"https:\/\/hyrco.com\/index.php\/tuberias-forzadas-varias\/","title":{"rendered":"Tuber\u00edas Forzadas Varias"},"content":{"rendered":"<div class='breakdance'><section class=\"bde-section-1333-100 bde-section\">\n  \n\t\n\n\n\n<div class=\"section-container\"><h1 class=\"bde-heading-1333-101 bde-heading\" data-entrance=\"slideLeft\">\nTuber\u00edas Forzadas Varias\n<\/h1><\/div>\n<\/section><section class=\"bde-section-1333-102 bde-section\">\n  \n\t\n\n\n\n<div class=\"section-container\"><div class=\"bde-gallery-1333-103 bde-gallery\" data-entrance=\"slideUp\">\n\n\n  \n\n\n\n  \n\n\n\n\n\n\n<div class=\"ee-gallery ee-gallery--default ee-gallery--grid ee-gallery-- ee-gallery--lightbox ee-gallery--zoom-in ee-gallery--caption- ee-gallery--caption-fade ee-gallery--ratio\">\n                  \n      <a class=\"ee-gallery-item ee-gallery-item--image ee-gallery-item--single\" href=\"https:\/\/hyrco.com\/wp-content\/uploads\/2025\/07\/hyrco-tuberiasForzadasVarias-galeria01-1000x593-1.webp\"  data-sub-html=\"\" data-category=\"1\"                  data-lg-size=\"1000-593\"\n\n      >\n        <figure class=\"ee-gallery-item-figure\">\n                                    \n  \n  \n  \n  \n      \n      <img loading=\"lazy\" decoding=\"async\"\n      class=\"breakdance-image-object\"\n      src=\"https:\/\/hyrco.com\/wp-content\/uploads\/2025\/07\/hyrco-tuberiasForzadasVarias-galeria01-1000x593-1.webp\"\n      width=\"1000\"\n      height=\"593\"\n      \n      \n                                    srcset=\"https:\/\/hyrco.com\/wp-content\/uploads\/2025\/07\/hyrco-tuberiasForzadasVarias-galeria01-1000x593-1.webp 1000w, https:\/\/hyrco.com\/wp-content\/uploads\/2025\/07\/hyrco-tuberiasForzadasVarias-galeria01-1000x593-1-300x178.webp 300w, https:\/\/hyrco.com\/wp-content\/uploads\/2025\/07\/hyrco-tuberiasForzadasVarias-galeria01-1000x593-1-768x455.webp 768w\"\n                                                                      >\n  \n  \n          \n                  <\/figure>\n      <\/a>\n\n                \n      <a class=\"ee-gallery-item ee-gallery-item--image ee-gallery-item--single\" href=\"https:\/\/hyrco.com\/wp-content\/uploads\/2025\/07\/hyrco-tuberiasForzadasVarias-galeria02-1000x593-1.webp\"  data-sub-html=\"\" data-category=\"1\"                  data-lg-size=\"1000-593\"\n\n      >\n        <figure class=\"ee-gallery-item-figure\">\n                                    \n  \n  \n  \n  \n      \n      <img loading=\"lazy\" decoding=\"async\"\n      class=\"breakdance-image-object\"\n      src=\"https:\/\/hyrco.com\/wp-content\/uploads\/2025\/07\/hyrco-tuberiasForzadasVarias-galeria02-1000x593-1.webp\"\n      width=\"1000\"\n      height=\"593\"\n      \n      \n                                    srcset=\"https:\/\/hyrco.com\/wp-content\/uploads\/2025\/07\/hyrco-tuberiasForzadasVarias-galeria02-1000x593-1.webp 1000w, https:\/\/hyrco.com\/wp-content\/uploads\/2025\/07\/hyrco-tuberiasForzadasVarias-galeria02-1000x593-1-300x178.webp 300w, https:\/\/hyrco.com\/wp-content\/uploads\/2025\/07\/hyrco-tuberiasForzadasVarias-galeria02-1000x593-1-768x455.webp 768w\"\n                                                                      >\n  \n  \n          \n                  <\/figure>\n      <\/a>\n\n                \n      <a class=\"ee-gallery-item ee-gallery-item--image ee-gallery-item--single\" href=\"https:\/\/hyrco.com\/wp-content\/uploads\/2025\/08\/hyrco-pagInterna-tuberia-forzada-varias-galeria3-1000x814-1.webp\"  data-sub-html=\"\" data-category=\"1\"                  data-lg-size=\"1000-814\"\n\n      >\n        <figure class=\"ee-gallery-item-figure\">\n                                    \n  \n  \n  \n  \n      \n      <img loading=\"lazy\" decoding=\"async\"\n      class=\"breakdance-image-object\"\n      src=\"https:\/\/hyrco.com\/wp-content\/uploads\/2025\/08\/hyrco-pagInterna-tuberia-forzada-varias-galeria3-1000x814-1.webp\"\n      width=\"1000\"\n      height=\"814\"\n      \n      \n                                    srcset=\"https:\/\/hyrco.com\/wp-content\/uploads\/2025\/08\/hyrco-pagInterna-tuberia-forzada-varias-galeria3-1000x814-1.webp 1000w, https:\/\/hyrco.com\/wp-content\/uploads\/2025\/08\/hyrco-pagInterna-tuberia-forzada-varias-galeria3-1000x814-1-300x244.webp 300w, https:\/\/hyrco.com\/wp-content\/uploads\/2025\/08\/hyrco-pagInterna-tuberia-forzada-varias-galeria3-1000x814-1-768x625.webp 768w\"\n                                                                      >\n  \n  \n          \n                  <\/figure>\n      <\/a>\n\n        \n  <\/div>\n\n\n\n<\/div><\/div>\n<\/section><section class=\"bde-section-1333-104 bde-section\">\n  \n\t\n\n\n\n<div class=\"section-container\"><div class=\"bde-columns-1333-105 bde-columns\"><div class=\"bde-column-1333-106 bde-column\">\n  \n\t\n\n\n\n<div class=\"bde-div-1333-107 bde-div\" data-entrance=\"zoomIn\">\n  \n\t\n\n\n\n<div class=\"bde-image-1333-108 bde-image\">\n  \n\n\n\n\n\n<figure class=\"breakdance-image breakdance-image--16\">\n\t<div class=\"breakdance-image-container\">\n\t\t<div class=\"breakdance-image-clip\">\n\t\t\t\n\t\t\t\t\n\t\t\t\t\t      \n  \n  \n  \n  \n      \n      <img decoding=\"async\"\n      class=\"breakdance-image-object\"\n      src=\"https:\/\/hyrco.com\/wp-content\/uploads\/2025\/04\/hyrco_logo01.svg\"\n      width=\"\"\n      height=\"\"\n      \n      \n                                      >\n  \n\n\t\t\t\t\t\n\t\t\t\t\t\t<\/div>\n\t<\/div>\n\n\t<\/figure>\n\n<\/div>\n<\/div><div class=\"bde-div-1333-109 bde-div\" data-entrance=\"slideLeft\">\n  \n\t\n\n\n\n<div class=\"bde-rich-text-1333-110 bde-rich-text breakdance-rich-text-styles\">\n<p>Tuber\u00edas Forzadas Varias<\/p>\n<\/div>\n<\/div>\n<\/div><div class=\"bde-column-1333-111 bde-column\">\n  \n\t\n\n\n\n<div class=\"bde-div-1333-112 bde-div\">\n  \n\t\n\n\n\n<div class=\"bde-div-1333-113 bde-div\" data-entrance=\"slideRight\">\n  \n\t\n\n\n\n<div class=\"bde-rich-text-1333-114 bde-rich-text breakdance-rich-text-styles\">\n<p>A la espera de informaci\u00f3n.<\/p>\n<\/div><div class=\"bde-fancy-divider-1333-115 bde-fancy-divider\">\n\n\n<div class=\"bde-fancy-divider__wrapper\">\n  <div class=\"bde-fancy-divider__separator   \">\n  \t  <\/div>\n<\/div>\n\n<\/div>\n<\/div><div class=\"bde-div-1333-116 bde-div\" data-entrance=\"slideRight\">\n  \n\t\n\n\n\n<div class=\"bde-rich-text-1333-117 bde-rich-text breakdance-rich-text-styles\">\n<p>A la espera de informaci\u00f3n.<\/p>\n<\/div><div class=\"bde-fancy-divider-1333-118 bde-fancy-divider\">\n\n\n<div class=\"bde-fancy-divider__wrapper\">\n  <div class=\"bde-fancy-divider__separator   \">\n  \t  <\/div>\n<\/div>\n\n<\/div>\n<\/div><div class=\"bde-div-1333-119 bde-div\" data-entrance=\"slideRight\">\n  \n\t\n\n\n\n<div class=\"bde-rich-text-1333-120 bde-rich-text breakdance-rich-text-styles\">\n<p>A la espera de informaci\u00f3n.<\/p>\n<\/div><div class=\"bde-fancy-divider-1333-121 bde-fancy-divider\">\n\n\n<div class=\"bde-fancy-divider__wrapper\">\n  <div class=\"bde-fancy-divider__separator   \">\n  \t  <\/div>\n<\/div>\n\n<\/div>\n<\/div><div class=\"bde-div-1333-122 bde-div\" data-entrance=\"slideRight\">\n  \n\t\n\n\n\n<div class=\"bde-rich-text-1333-123 bde-rich-text breakdance-rich-text-styles\">\n<p>A la espera de informaci\u00f3n.<\/p>\n<\/div><div class=\"bde-fancy-divider-1333-124 bde-fancy-divider\">\n\n\n<div class=\"bde-fancy-divider__wrapper\">\n  <div class=\"bde-fancy-divider__separator   \">\n  \t  <\/div>\n<\/div>\n\n<\/div>\n<\/div>\n<\/div>\n<\/div><\/div><\/div>\n<\/section><\/div>","protected":false},"excerpt":{"rendered":"<p>Tuber\u00edas Forzadas Varias Tuber\u00edas Forzadas Varias A la espera de informaci\u00f3n. A la espera de informaci\u00f3n. A la espera de informaci\u00f3n. A la espera de informaci\u00f3n.<\/p>\n","protected":false},"author":1,"featured_media":0,"parent":0,"menu_order":0,"comment_status":"closed","ping_status":"closed","template":"","meta":{"_acf_changed":false,"_breakdance_hide_in_design_set":false,"_breakdance_tags":"","footnotes":""},"class_list":["post-1333","page","type-page","status-publish","hentry"],"acf":[],"_links":{"self":[{"href":"https:\/\/hyrco.com\/index.php\/wp-json\/wp\/v2\/pages\/1333","targetHints":{"allow":["GET"]}}],"collection":[{"href":"https:\/\/hyrco.com\/index.php\/wp-json\/wp\/v2\/pages"}],"about":[{"href":"https:\/\/hyrco.com\/index.php\/wp-json\/wp\/v2\/types\/page"}],"author":[{"embeddable":true,"href":"https:\/\/hyrco.com\/index.php\/wp-json\/wp\/v2\/users\/1"}],"replies":[{"embeddable":true,"href":"https:\/\/hyrco.com\/index.php\/wp-json\/wp\/v2\/comments?post=1333"}],"version-history":[{"count":7,"href":"https:\/\/hyrco.com\/index.php\/wp-json\/wp\/v2\/pages\/1333\/revisions"}],"predecessor-version":[{"id":1485,"href":"https:\/\/hyrco.com\/index.php\/wp-json\/wp\/v2\/pages\/1333\/revisions\/1485"}],"wp:attachment":[{"href":"https:\/\/hyrco.com\/index.php\/wp-json\/wp\/v2\/media?parent=1333"}],"curies":[{"name":"wp","href":"https:\/\/api.w.org\/{rel}","templated":true}]}}