{"id":1327,"date":"2025-07-15T13:28:43","date_gmt":"2025-07-15T18:28:43","guid":{"rendered":"https:\/\/hyrco.com\/?page_id=1327"},"modified":"2025-09-24T10:47:49","modified_gmt":"2025-09-24T15:47:49","slug":"casa-de-maquinas-8-de-agosto","status":"publish","type":"page","link":"https:\/\/hyrco.com\/index.php\/casa-de-maquinas-8-de-agosto\/","title":{"rendered":"Casa de Maquinas 8 de Agosto"},"content":{"rendered":"<div class='breakdance'><section class=\"bde-section-1327-100 bde-section\">\n  \n\t\n\n\n\n<div class=\"section-container\"><h1 class=\"bde-heading-1327-101 bde-heading\" data-entrance=\"slideLeft\">\nCasa de Maquinas 8 de Agosto\n<\/h1><\/div>\n<\/section><section class=\"bde-section-1327-102 bde-section\">\n  \n\t\n\n\n\n<div class=\"section-container\"><div class=\"bde-gallery-1327-103 bde-gallery\" data-entrance=\"slideUp\">\n\n\n\n\n\n\n  \n\n\n\n\n\n\n<div class=\"ee-gallery ee-gallery--isotope ee-gallery--masonry ee-gallery-- ee-gallery--lightbox ee-gallery--zoom-in ee-gallery--caption- ee-gallery--caption-fade ee-gallery--ratio\">\n                  \n      <a class=\"ee-gallery-item ee-gallery-item--image ee-gallery-item--single\" href=\"https:\/\/hyrco.com\/wp-content\/uploads\/2025\/07\/hyrco-CasadeMaquinas8deAgosto-galeria01-1000x814-1.webp\"  data-sub-html=\"\" data-category=\"1\"                  data-lg-size=\"1000-814\"\n\n      >\n        <figure class=\"ee-gallery-item-figure\">\n                                    \n  \n  \n  \n  \n      \n      <img loading=\"lazy\" decoding=\"async\"\n      class=\"breakdance-image-object\"\n      src=\"https:\/\/hyrco.com\/wp-content\/uploads\/2025\/07\/hyrco-CasadeMaquinas8deAgosto-galeria01-1000x814-1.webp\"\n      width=\"1000\"\n      height=\"814\"\n      \n      \n                                    srcset=\"https:\/\/hyrco.com\/wp-content\/uploads\/2025\/07\/hyrco-CasadeMaquinas8deAgosto-galeria01-1000x814-1.webp 1000w, https:\/\/hyrco.com\/wp-content\/uploads\/2025\/07\/hyrco-CasadeMaquinas8deAgosto-galeria01-1000x814-1-300x244.webp 300w, https:\/\/hyrco.com\/wp-content\/uploads\/2025\/07\/hyrco-CasadeMaquinas8deAgosto-galeria01-1000x814-1-768x625.webp 768w\"\n                                                                      >\n  \n  \n          \n                  <\/figure>\n      <\/a>\n\n                \n      <a class=\"ee-gallery-item ee-gallery-item--image ee-gallery-item--single\" href=\"https:\/\/hyrco.com\/wp-content\/uploads\/2025\/07\/hyrco-CasadeMaquinas8deAgosto-galeria02-1000x814-1.webp\"  data-sub-html=\"\" data-category=\"1\"                  data-lg-size=\"1000-814\"\n\n      >\n        <figure class=\"ee-gallery-item-figure\">\n                                    \n  \n  \n  \n  \n      \n      <img loading=\"lazy\" decoding=\"async\"\n      class=\"breakdance-image-object\"\n      src=\"https:\/\/hyrco.com\/wp-content\/uploads\/2025\/07\/hyrco-CasadeMaquinas8deAgosto-galeria02-1000x814-1.webp\"\n      width=\"1000\"\n      height=\"814\"\n      \n      \n                                    srcset=\"https:\/\/hyrco.com\/wp-content\/uploads\/2025\/07\/hyrco-CasadeMaquinas8deAgosto-galeria02-1000x814-1.webp 1000w, https:\/\/hyrco.com\/wp-content\/uploads\/2025\/07\/hyrco-CasadeMaquinas8deAgosto-galeria02-1000x814-1-300x244.webp 300w, https:\/\/hyrco.com\/wp-content\/uploads\/2025\/07\/hyrco-CasadeMaquinas8deAgosto-galeria02-1000x814-1-768x625.webp 768w\"\n                                                                      >\n  \n  \n          \n                  <\/figure>\n      <\/a>\n\n        \n      <div class=\"ee-gallery-gutter\"><\/div>\n  <\/div>\n\n\n\n<\/div><\/div>\n<\/section><section class=\"bde-section-1327-104 bde-section\">\n  \n\t\n\n\n\n<div class=\"section-container\"><div class=\"bde-columns-1327-105 bde-columns\"><div class=\"bde-column-1327-106 bde-column\">\n  \n\t\n\n\n\n<div class=\"bde-div-1327-107 bde-div\" data-entrance=\"zoomIn\">\n  \n\t\n\n\n\n<div class=\"bde-image-1327-108 bde-image\">\n  \n\n\n\n\n\n<figure class=\"breakdance-image breakdance-image--16\">\n\t<div class=\"breakdance-image-container\">\n\t\t<div class=\"breakdance-image-clip\">\n\t\t\t\n\t\t\t\t\n\t\t\t\t\t      \n  \n  \n  \n  \n      \n      <img decoding=\"async\"\n      class=\"breakdance-image-object\"\n      src=\"https:\/\/hyrco.com\/wp-content\/uploads\/2025\/04\/hyrco_logo01.svg\"\n      width=\"\"\n      height=\"\"\n      \n      \n                                      >\n  \n\n\t\t\t\t\t\n\t\t\t\t\t\t<\/div>\n\t<\/div>\n\n\t<\/figure>\n\n<\/div>\n<\/div><div class=\"bde-div-1327-109 bde-div\" data-entrance=\"slideLeft\">\n  \n\t\n\n\n\n<div class=\"bde-rich-text-1327-110 bde-rich-text breakdance-rich-text-styles\">\n<p>Casa de Maquinas 8 de Agosto<\/p>\n<\/div>\n<\/div>\n<\/div><div class=\"bde-column-1327-111 bde-column\">\n  \n\t\n\n\n\n<div class=\"bde-div-1327-112 bde-div\">\n  \n\t\n\n\n\n<div class=\"bde-div-1327-113 bde-div\" data-entrance=\"slideRight\">\n  \n\t\n\n\n\n<div class=\"bde-rich-text-1327-114 bde-rich-text breakdance-rich-text-styles\">\n<p>A la espera de informaci\u00f3n.<\/p>\n<\/div><div class=\"bde-fancy-divider-1327-115 bde-fancy-divider\">\n\n\n<div class=\"bde-fancy-divider__wrapper\">\n  <div class=\"bde-fancy-divider__separator   \">\n  \t  <\/div>\n<\/div>\n\n<\/div>\n<\/div><div class=\"bde-div-1327-116 bde-div\" data-entrance=\"slideRight\">\n  \n\t\n\n\n\n<div class=\"bde-rich-text-1327-117 bde-rich-text breakdance-rich-text-styles\">\n<p>A la espera de informaci\u00f3n.<\/p>\n<\/div><div class=\"bde-fancy-divider-1327-118 bde-fancy-divider\">\n\n\n<div class=\"bde-fancy-divider__wrapper\">\n  <div class=\"bde-fancy-divider__separator   \">\n  \t  <\/div>\n<\/div>\n\n<\/div>\n<\/div><div class=\"bde-div-1327-119 bde-div\" data-entrance=\"slideRight\">\n  \n\t\n\n\n\n<div class=\"bde-rich-text-1327-120 bde-rich-text breakdance-rich-text-styles\">\n<p>A la espera de informaci\u00f3n.<\/p>\n<\/div><div class=\"bde-fancy-divider-1327-121 bde-fancy-divider\">\n\n\n<div class=\"bde-fancy-divider__wrapper\">\n  <div class=\"bde-fancy-divider__separator   \">\n  \t  <\/div>\n<\/div>\n\n<\/div>\n<\/div><div class=\"bde-div-1327-122 bde-div\" data-entrance=\"slideRight\">\n  \n\t\n\n\n\n<div class=\"bde-rich-text-1327-123 bde-rich-text breakdance-rich-text-styles\">\n<p>A la espera de informaci\u00f3n.<\/p>\n<\/div><div class=\"bde-fancy-divider-1327-124 bde-fancy-divider\">\n\n\n<div class=\"bde-fancy-divider__wrapper\">\n  <div class=\"bde-fancy-divider__separator   \">\n  \t  <\/div>\n<\/div>\n\n<\/div>\n<\/div>\n<\/div>\n<\/div><\/div><\/div>\n<\/section><\/div>","protected":false},"excerpt":{"rendered":"<p>Casa de Maquinas 8 de Agosto Casa de Maquinas 8 de Agosto A la espera de informaci\u00f3n. A la espera de informaci\u00f3n. A la espera de informaci\u00f3n. A la espera de informaci\u00f3n.<\/p>\n","protected":false},"author":1,"featured_media":0,"parent":0,"menu_order":0,"comment_status":"closed","ping_status":"closed","template":"","meta":{"_acf_changed":false,"_breakdance_hide_in_design_set":false,"_breakdance_tags":"","footnotes":""},"class_list":["post-1327","page","type-page","status-publish","hentry"],"acf":[],"_links":{"self":[{"href":"https:\/\/hyrco.com\/index.php\/wp-json\/wp\/v2\/pages\/1327","targetHints":{"allow":["GET"]}}],"collection":[{"href":"https:\/\/hyrco.com\/index.php\/wp-json\/wp\/v2\/pages"}],"about":[{"href":"https:\/\/hyrco.com\/index.php\/wp-json\/wp\/v2\/types\/page"}],"author":[{"embeddable":true,"href":"https:\/\/hyrco.com\/index.php\/wp-json\/wp\/v2\/users\/1"}],"replies":[{"embeddable":true,"href":"https:\/\/hyrco.com\/index.php\/wp-json\/wp\/v2\/comments?post=1327"}],"version-history":[{"count":6,"href":"https:\/\/hyrco.com\/index.php\/wp-json\/wp\/v2\/pages\/1327\/revisions"}],"predecessor-version":[{"id":1497,"href":"https:\/\/hyrco.com\/index.php\/wp-json\/wp\/v2\/pages\/1327\/revisions\/1497"}],"wp:attachment":[{"href":"https:\/\/hyrco.com\/index.php\/wp-json\/wp\/v2\/media?parent=1327"}],"curies":[{"name":"wp","href":"https:\/\/api.w.org\/{rel}","templated":true}]}}