{"id":1017,"date":"2025-07-02T19:13:50","date_gmt":"2025-07-03T00:13:50","guid":{"rendered":"https:\/\/hyrco.com\/?page_id=1017"},"modified":"2025-09-24T10:48:56","modified_gmt":"2025-09-24T15:48:56","slug":"proyecto-markham","status":"publish","type":"page","link":"https:\/\/hyrco.com\/index.php\/proyecto-markham\/","title":{"rendered":"Coliseo Colegio Markham"},"content":{"rendered":"<div class='breakdance'><section class=\"bde-section-1017-100 bde-section\">\n  \n\t\n\n\n\n<div class=\"section-container\"><h1 class=\"bde-heading-1017-101 bde-heading\" data-entrance=\"slideLeft\">\nColiseo Colegio Markham\n<\/h1><\/div>\n<\/section><section class=\"bde-section-1017-102 bde-section\">\n  \n\t\n\n\n\n<div class=\"section-container\"><div class=\"bde-gallery-1017-103 bde-gallery\" data-entrance=\"slideUp\">\n\n\n  \n\n\n\n  \n\n\n\n\n\n\n<div class=\"ee-gallery ee-gallery--default ee-gallery--grid ee-gallery-- ee-gallery--lightbox ee-gallery--zoom-in ee-gallery--caption- ee-gallery--caption-fade ee-gallery--ratio\">\n                  \n      <a class=\"ee-gallery-item ee-gallery-item--image ee-gallery-item--single\" href=\"https:\/\/hyrco.com\/wp-content\/uploads\/2025\/07\/hyrco-ColiseoColegioMarkham-galeria02-1000x593-1.webp\"  data-sub-html=\"\" data-category=\"1\"                  data-lg-size=\"1000-593\"\n\n      >\n        <figure class=\"ee-gallery-item-figure\">\n                                    \n  \n  \n  \n  \n      \n      <img loading=\"lazy\" decoding=\"async\"\n      class=\"breakdance-image-object\"\n      src=\"https:\/\/hyrco.com\/wp-content\/uploads\/2025\/07\/hyrco-ColiseoColegioMarkham-galeria02-1000x593-1.webp\"\n      width=\"1000\"\n      height=\"593\"\n      \n      \n                                    srcset=\"https:\/\/hyrco.com\/wp-content\/uploads\/2025\/07\/hyrco-ColiseoColegioMarkham-galeria02-1000x593-1.webp 1000w, https:\/\/hyrco.com\/wp-content\/uploads\/2025\/07\/hyrco-ColiseoColegioMarkham-galeria02-1000x593-1-300x178.webp 300w, https:\/\/hyrco.com\/wp-content\/uploads\/2025\/07\/hyrco-ColiseoColegioMarkham-galeria02-1000x593-1-768x455.webp 768w\"\n                                                                      >\n  \n  \n          \n                  <\/figure>\n      <\/a>\n\n                \n      <a class=\"ee-gallery-item ee-gallery-item--image ee-gallery-item--single\" href=\"https:\/\/hyrco.com\/wp-content\/uploads\/2025\/07\/hyrco-ColiseoColegioMarkham-galeria01-1000x593-1.webp\"  data-sub-html=\"\" data-category=\"1\"                  data-lg-size=\"1000-593\"\n\n      >\n        <figure class=\"ee-gallery-item-figure\">\n                                    \n  \n  \n  \n  \n      \n      <img loading=\"lazy\" decoding=\"async\"\n      class=\"breakdance-image-object\"\n      src=\"https:\/\/hyrco.com\/wp-content\/uploads\/2025\/07\/hyrco-ColiseoColegioMarkham-galeria01-1000x593-1.webp\"\n      width=\"1000\"\n      height=\"593\"\n      \n      \n                                    srcset=\"https:\/\/hyrco.com\/wp-content\/uploads\/2025\/07\/hyrco-ColiseoColegioMarkham-galeria01-1000x593-1.webp 1000w, https:\/\/hyrco.com\/wp-content\/uploads\/2025\/07\/hyrco-ColiseoColegioMarkham-galeria01-1000x593-1-300x178.webp 300w, https:\/\/hyrco.com\/wp-content\/uploads\/2025\/07\/hyrco-ColiseoColegioMarkham-galeria01-1000x593-1-768x455.webp 768w\"\n                                                                      >\n  \n  \n          \n                  <\/figure>\n      <\/a>\n\n                \n      <a class=\"ee-gallery-item ee-gallery-item--image ee-gallery-item--single\" href=\"https:\/\/hyrco.com\/wp-content\/uploads\/2025\/08\/hyrco-pagina-internas-proyecto-markham-img3-1000x593-1.webp\"  data-sub-html=\"\" data-category=\"1\"                  data-lg-size=\"1000-593\"\n\n      >\n        <figure class=\"ee-gallery-item-figure\">\n                                    \n  \n  \n  \n  \n      \n      <img loading=\"lazy\" decoding=\"async\"\n      class=\"breakdance-image-object\"\n      src=\"https:\/\/hyrco.com\/wp-content\/uploads\/2025\/08\/hyrco-pagina-internas-proyecto-markham-img3-1000x593-1.webp\"\n      width=\"1000\"\n      height=\"593\"\n      \n      \n                                    srcset=\"https:\/\/hyrco.com\/wp-content\/uploads\/2025\/08\/hyrco-pagina-internas-proyecto-markham-img3-1000x593-1.webp 1000w, https:\/\/hyrco.com\/wp-content\/uploads\/2025\/08\/hyrco-pagina-internas-proyecto-markham-img3-1000x593-1-300x178.webp 300w, https:\/\/hyrco.com\/wp-content\/uploads\/2025\/08\/hyrco-pagina-internas-proyecto-markham-img3-1000x593-1-768x455.webp 768w\"\n                                                                      >\n  \n  \n          \n                  <\/figure>\n      <\/a>\n\n                \n      <a class=\"ee-gallery-item ee-gallery-item--image ee-gallery-item--single\" href=\"https:\/\/hyrco.com\/wp-content\/uploads\/2025\/08\/hyrco-pagina-internas-proyecto-markham-img4-1000x593-1.webp\"  data-sub-html=\"\" data-category=\"1\"                  data-lg-size=\"1000-593\"\n\n      >\n        <figure class=\"ee-gallery-item-figure\">\n                                    \n  \n  \n  \n  \n      \n      <img loading=\"lazy\" decoding=\"async\"\n      class=\"breakdance-image-object\"\n      src=\"https:\/\/hyrco.com\/wp-content\/uploads\/2025\/08\/hyrco-pagina-internas-proyecto-markham-img4-1000x593-1.webp\"\n      width=\"1000\"\n      height=\"593\"\n      \n      \n                                    srcset=\"https:\/\/hyrco.com\/wp-content\/uploads\/2025\/08\/hyrco-pagina-internas-proyecto-markham-img4-1000x593-1.webp 1000w, https:\/\/hyrco.com\/wp-content\/uploads\/2025\/08\/hyrco-pagina-internas-proyecto-markham-img4-1000x593-1-300x178.webp 300w, https:\/\/hyrco.com\/wp-content\/uploads\/2025\/08\/hyrco-pagina-internas-proyecto-markham-img4-1000x593-1-768x455.webp 768w\"\n                                                                      >\n  \n  \n          \n                  <\/figure>\n      <\/a>\n\n        \n  <\/div>\n\n\n\n<\/div><\/div>\n<\/section><section class=\"bde-section-1017-104 bde-section\">\n  \n\t\n\n\n\n<div class=\"section-container\"><div class=\"bde-columns-1017-105 bde-columns\"><div class=\"bde-column-1017-106 bde-column\">\n  \n\t\n\n\n\n<div class=\"bde-div-1017-107 bde-div\" data-entrance=\"zoomIn\">\n  \n\t\n\n\n\n<div class=\"bde-image-1017-108 bde-image\">\n  \n\n\n\n\n\n<figure class=\"breakdance-image breakdance-image--1232\">\n\t<div class=\"breakdance-image-container\">\n\t\t<div class=\"breakdance-image-clip\">\n\t\t\t\n\t\t\t\t\n\t\t\t\t\t      \n  \n  \n  \n  \n      \n      <img loading=\"lazy\" decoding=\"async\"\n      class=\"breakdance-image-object\"\n      src=\"https:\/\/hyrco.com\/wp-content\/uploads\/2025\/07\/hyrco-18-ColiseoColegioMarkham.webp\"\n      width=\"270\"\n      height=\"116\"\n      \n      \n                                                                  >\n  \n\n\t\t\t\t\t\n\t\t\t\t\t\t<\/div>\n\t<\/div>\n\n\t<\/figure>\n\n<\/div>\n<\/div><div class=\"bde-div-1017-109 bde-div\" data-entrance=\"slideLeft\">\n  \n\t\n\n\n\n<div class=\"bde-rich-text-1017-110 bde-rich-text breakdance-rich-text-styles\">\n<p>Coliseo Colegio<\/p>\n<\/div><div class=\"bde-rich-text-1017-111 bde-rich-text breakdance-rich-text-styles\">\n<p>Markham<\/p>\n<\/div>\n<\/div>\n<\/div><div class=\"bde-column-1017-112 bde-column\">\n  \n\t\n\n\n\n<div class=\"bde-div-1017-113 bde-div\">\n  \n\t\n\n\n\n<div class=\"bde-div-1017-114 bde-div\" data-entrance=\"slideRight\">\n  \n\t\n\n\n\n<div class=\"bde-rich-text-1017-115 bde-rich-text breakdance-rich-text-styles\">\n<p>Dise\u00f1o, fabricaci\u00f3n y Montaje Coliseo Multiprop\u00f3sito.<\/p>\n<\/div><div class=\"bde-fancy-divider-1017-116 bde-fancy-divider\">\n\n\n<div class=\"bde-fancy-divider__wrapper\">\n  <div class=\"bde-fancy-divider__separator   \">\n  \t  <\/div>\n<\/div>\n\n<\/div>\n<\/div><div class=\"bde-div-1017-117 bde-div\" data-entrance=\"slideRight\">\n  \n\t\n\n\n\n<div class=\"bde-rich-text-1017-118 bde-rich-text breakdance-rich-text-styles\">\n<p>Altura: 9m x Ancho 35 m x Largo 60 m.<\/p>\n<\/div><div class=\"bde-fancy-divider-1017-119 bde-fancy-divider\">\n\n\n<div class=\"bde-fancy-divider__wrapper\">\n  <div class=\"bde-fancy-divider__separator   \">\n  \t  <\/div>\n<\/div>\n\n<\/div>\n<\/div><div class=\"bde-div-1017-120 bde-div\" data-entrance=\"slideRight\">\n  \n\t\n\n\n\n<div class=\"bde-rich-text-1017-121 bde-rich-text breakdance-rich-text-styles\">\n<p>Lugar: Lima.<\/p>\n<\/div><div class=\"bde-fancy-divider-1017-122 bde-fancy-divider\">\n\n\n<div class=\"bde-fancy-divider__wrapper\">\n  <div class=\"bde-fancy-divider__separator   \">\n  \t  <\/div>\n<\/div>\n\n<\/div>\n<\/div>\n<\/div>\n<\/div><\/div><\/div>\n<\/section><\/div>","protected":false},"excerpt":{"rendered":"<p>Coliseo Colegio Markham Coliseo Colegio Markham Dise\u00f1o, fabricaci\u00f3n y Montaje Coliseo Multiprop\u00f3sito. Altura: 9m x Ancho 35 m x Largo 60 m. Lugar: Lima.<\/p>\n","protected":false},"author":1,"featured_media":0,"parent":0,"menu_order":0,"comment_status":"closed","ping_status":"closed","template":"","meta":{"_acf_changed":false,"_breakdance_hide_in_design_set":false,"_breakdance_tags":"","footnotes":""},"class_list":["post-1017","page","type-page","status-publish","hentry"],"acf":[],"_links":{"self":[{"href":"https:\/\/hyrco.com\/index.php\/wp-json\/wp\/v2\/pages\/1017","targetHints":{"allow":["GET"]}}],"collection":[{"href":"https:\/\/hyrco.com\/index.php\/wp-json\/wp\/v2\/pages"}],"about":[{"href":"https:\/\/hyrco.com\/index.php\/wp-json\/wp\/v2\/types\/page"}],"author":[{"embeddable":true,"href":"https:\/\/hyrco.com\/index.php\/wp-json\/wp\/v2\/users\/1"}],"replies":[{"embeddable":true,"href":"https:\/\/hyrco.com\/index.php\/wp-json\/wp\/v2\/comments?post=1017"}],"version-history":[{"count":10,"href":"https:\/\/hyrco.com\/index.php\/wp-json\/wp\/v2\/pages\/1017\/revisions"}],"predecessor-version":[{"id":1403,"href":"https:\/\/hyrco.com\/index.php\/wp-json\/wp\/v2\/pages\/1017\/revisions\/1403"}],"wp:attachment":[{"href":"https:\/\/hyrco.com\/index.php\/wp-json\/wp\/v2\/media?parent=1017"}],"curies":[{"name":"wp","href":"https:\/\/api.w.org\/{rel}","templated":true}]}}